{"id":20495,"date":"2023-10-26T15:15:07","date_gmt":"2023-10-26T18:15:07","guid":{"rendered":"https:\/\/culturas.cc\/congresso2023\/?page_id=20495"},"modified":"2023-11-01T15:01:19","modified_gmt":"2023-11-01T18:01:19","slug":"instrucoes","status":"publish","type":"page","link":"https:\/\/culturas.cc\/congresso2023\/instrucoes\/","title":{"rendered":"Instru\u00e7\u00f5es para participa\u00e7\u00e3o"},"content":{"rendered":"","protected":false},"excerpt":{"rendered":"","protected":false},"author":668,"featured_media":0,"parent":0,"menu_order":0,"comment_status":"closed","ping_status":"closed","template":"","meta":{"_bbp_topic_count":0,"_bbp_reply_count":0,"_bbp_total_topic_count":0,"_bbp_total_reply_count":0,"_bbp_voice_count":0,"_bbp_anonymous_reply_count":0,"_bbp_topic_count_hidden":0,"_bbp_reply_count_hidden":0,"_bbp_forum_subforum_count":0,"footnotes":""},"class_list":["post-20495","page","type-page","status-publish","hentry"],"jetpack_sharing_enabled":true,"_links":{"self":[{"href":"https:\/\/culturas.cc\/congresso2023\/wp-json\/wp\/v2\/pages\/20495","targetHints":{"allow":["GET"]}}],"collection":[{"href":"https:\/\/culturas.cc\/congresso2023\/wp-json\/wp\/v2\/pages"}],"about":[{"href":"https:\/\/culturas.cc\/congresso2023\/wp-json\/wp\/v2\/types\/page"}],"author":[{"embeddable":true,"href":"https:\/\/culturas.cc\/congresso2023\/wp-json\/wp\/v2\/users\/668"}],"replies":[{"embeddable":true,"href":"https:\/\/culturas.cc\/congresso2023\/wp-json\/wp\/v2\/comments?post=20495"}],"version-history":[{"count":10,"href":"https:\/\/culturas.cc\/congresso2023\/wp-json\/wp\/v2\/pages\/20495\/revisions"}],"predecessor-version":[{"id":20602,"href":"https:\/\/culturas.cc\/congresso2023\/wp-json\/wp\/v2\/pages\/20495\/revisions\/20602"}],"wp:attachment":[{"href":"https:\/\/culturas.cc\/congresso2023\/wp-json\/wp\/v2\/media?parent=20495"}],"curies":[{"name":"wp","href":"https:\/\/api.w.org\/{rel}","templated":true}]}}