{"id":3358,"date":"2014-12-04T18:49:47","date_gmt":"2014-12-04T18:49:47","guid":{"rendered":"http:\/\/themes.goodlayers.com\/thekeynote\/?page_id=3358"},"modified":"2022-12-03T09:53:22","modified_gmt":"2022-12-03T09:53:22","slug":"accommodation","status":"publish","type":"page","link":"https:\/\/culturas.cc\/congresso2022\/accommodation\/","title":{"rendered":"Informa\u00e7\u00f5es \u00fateis"},"content":{"rendered":"\n<p><\/p>\n\n\n\n<figure class=\"wp-block-pullquote\"><blockquote><p><strong><mark class=\"has-inline-color has-black-color\">Alojamento<\/mark><\/strong><\/p><\/blockquote><\/figure>\n\n\n\n<p>A cidade de Braga disp\u00f5e de uma vasta oferta de alojamento, desde hot\u00e9is de grupos internacionais &#8211; como os hot\u00e9is Meli\u00e1, Mercure e Ibis \u2013 a alojamento local. Grande parte destes alojamentos localizam-se no centro da cidade, com uma vista privilegiada. Os pre\u00e7os praticados em Braga assemelham-se aos das restantes grandes cidades do pa\u00eds.&nbsp;<\/p>\n\n\n\n<p>Alguns dos principais hot\u00e9is da cidade:&nbsp;<\/p>\n\n\n\n<p><a href=\"https:\/\/www.melia.com\/pt\/hoteis\/portugal\/braga\/melia-braga?esl-k=sem-google%7Cng%7Cc341828328170%7Cme%7Ckmelia%20braga%7Cp%7Ct%7Cdc%7Ca57887549678%7Cg1462475457&amp;gclid=Cj0KCQiA37KbBhDgARIsAIzce15HSQCBfqlCL0mzDtXYTAuVCUayOHeJ_1Zs2LBMe7EkAJhH9pmoVBsaAh3lEALw_wcB&amp;gclsrc=aw.ds?esl-k=sem-google%7Cng%7Cc341828328170%7Cme%7Ckmelia%20braga%7Cp%7Ct%7Cdc%7Ca57887549678%7Cg1462475457&amp;gclid=Cj0KCQiA37KbBhDgARIsAIzce15HSQCBfqlCL0mzDtXYTAuVCUayOHeJ_1Zs2LBMe7EkAJhH9pmoVBsaAh3lEALw_wcB&amp;gclsrc=aw.ds\" data-type=\"URL\" data-id=\"https:\/\/www.melia.com\/pt\/hoteis\/portugal\/braga\/melia-braga?esl-k=sem-google%7Cng%7Cc341828328170%7Cme%7Ckmelia%20braga%7Cp%7Ct%7Cdc%7Ca57887549678%7Cg1462475457&amp;gclid=Cj0KCQiA37KbBhDgARIsAIzce15HSQCBfqlCL0mzDtXYTAuVCUayOHeJ_1Zs2LBMe7EkAJhH9pmoVBsaAh3lEALw_wcB&amp;gclsrc=aw.ds?esl-k=sem-google%7Cng%7Cc341828328170%7Cme%7Ckmelia%20braga%7Cp%7Ct%7Cdc%7Ca57887549678%7Cg1462475457&amp;gclid=Cj0KCQiA37KbBhDgARIsAIzce15HSQCBfqlCL0mzDtXYTAuVCUayOHeJ_1Zs2LBMe7EkAJhH9pmoVBsaAh3lEALw_wcB&amp;gclsrc=aw.ds\">Meli\u00e1 Braga Hotel e Spa<\/a> *****<\/p>\n\n\n\n<p><a href=\"https:\/\/burgushotel.com\/public\/presentation\" data-type=\"URL\" data-id=\"https:\/\/burgushotel.com\/public\/presentation\">Burgus Tribute &amp; Design Hotel<\/a> ****<\/p>\n\n\n\n<p><a href=\"https:\/\/braga.goldentulip.com\/pt-br\/\" data-type=\"URL\" data-id=\"https:\/\/braga.goldentulip.com\/pt-br\/\">Golden Tulip Braga <\/a>****<\/p>\n\n\n\n<p><a href=\"https:\/\/www.bracaraaugusta.com\" data-type=\"URL\" data-id=\"https:\/\/www.bracaraaugusta.com\">Hotel Bracara Augusta<\/a> ****<\/p>\n\n\n\n<p><a href=\"https:\/\/www.hoteisbomjesus.pt\/hotel-do-elevador-em-braga\/\" data-type=\"URL\" data-id=\"https:\/\/www.hoteisbomjesus.pt\/hotel-do-elevador-em-braga\/\">Hotel do Elevador <\/a>****<\/p>\n\n\n\n<p><a href=\"https:\/\/www.hoteisbomjesus.pt\/hotel-do-parque-em-braga\/\" data-type=\"URL\" data-id=\"https:\/\/www.hoteisbomjesus.pt\/hotel-do-parque-em-braga\/\">Hotel do Parque<\/a> ****<\/p>\n\n\n\n<p><a href=\"https:\/\/www.hoteisbomjesus.pt\/hotel-do-templo-em-braga\/\" data-type=\"URL\" data-id=\"https:\/\/www.hoteisbomjesus.pt\/hotel-do-templo-em-braga\/\">Hotel do Templo<\/a> ****<\/p>\n\n\n\n<p><a href=\"https:\/\/all.accor.com\/hotel\/8308\/index.pt.shtml\" data-type=\"URL\" data-id=\"https:\/\/all.accor.com\/hotel\/8308\/index.pt.shtml\">Hotel Mercure Braga<\/a> ****<\/p>\n\n\n\n<p><a href=\"https:\/\/www.ms-hotels.com\/braga\/\" data-type=\"URL\" data-id=\"https:\/\/www.ms-hotels.com\/braga\/\">Hotel Moon &amp; Sun Braga<\/a> ****<\/p>\n\n\n\n<p><a href=\"https:\/\/villagarden.pt\" data-type=\"URL\" data-id=\"https:\/\/villagarden.pt\">Hotel Villa Garden Braga<\/a> ****<\/p>\n\n\n\n<p><a href=\"https:\/\/www.vilagale.com\/pt\/hoteis\/porto-e-norte\/vila-gale-collection-braga\" data-type=\"URL\" data-id=\"https:\/\/www.vilagale.com\/pt\/hoteis\/porto-e-norte\/vila-gale-collection-braga\">Vila Gale Collection Braga<\/a> ****<\/p>\n\n\n\n<p><a href=\"http:\/\/hotelsrabranca.pt\/hotel\/\" data-type=\"URL\" data-id=\"http:\/\/hotelsrabranca.pt\/hotel\/\">Albergaria da Senhora-a-Branca<\/a> ***<\/p>\n\n\n\n<p><a href=\"https:\/\/www.axishoteis.com\/axis-basic-braga.html\" data-type=\"URL\" data-id=\"https:\/\/www.axishoteis.com\/axis-basic-braga.html\">Basic Braga By Axis Hotel<\/a> ***<\/p>\n\n\n\n<p><a href=\"https:\/\/flagworldhotels.com\/hotel.php?h=1\" data-type=\"URL\" data-id=\"https:\/\/flagworldhotels.com\/hotel.php?h=1\">Flag Hotel Braga<\/a> ***<\/p>\n\n\n\n<p><a href=\"http:\/\/grande.allbragahotels.com\/pt\/\" data-type=\"URL\" data-id=\"http:\/\/grande.allbragahotels.com\/pt\/\">Grande Hotel<\/a> ***<\/p>\n\n\n\n<p><a href=\"https:\/\/www.hotel-bb.com\/pt\/hotel\/braga-lamacaes?utm_source=tradetracker&amp;utm_medium=affiliation&amp;utm_campaign=pt_conversion_article_cpa_&amp;utm_content=Deeplink\" data-type=\"URL\" data-id=\"https:\/\/www.hotel-bb.com\/pt\/hotel\/braga-lamacaes?utm_source=tradetracker&amp;utm_medium=affiliation&amp;utm_campaign=pt_conversion_article_cpa_&amp;utm_content=Deeplink\">Hotel B&amp;B Braga Lama\u00e7\u00e3es<\/a> ***<\/p>\n\n\n\n<p><a href=\"https:\/\/hoteldonasofia.com\/hotelds\/\" data-type=\"URL\" data-id=\"https:\/\/hoteldonasofia.com\/hotelds\/\">Hotel D. Sofia<\/a> ***<\/p>\n\n\n\n<p><a href=\"https:\/\/pt.quierohotel.com\/hoteis-braga-hotel-da-estacao-1C17036.htm\" data-type=\"URL\" data-id=\"https:\/\/pt.quierohotel.com\/hoteis-braga-hotel-da-estacao-1C17036.htm\">Hotel da Esta\u00e7\u00e3o<\/a> ***<\/p>\n\n\n\n<p><a href=\"https:\/\/www.hoteisbomjesus.pt\/hotel-do-lago-em-braga\/\" data-type=\"URL\" data-id=\"https:\/\/www.hoteisbomjesus.pt\/hotel-do-lago-em-braga\/\">Hotel do Lago<\/a> ***<\/p>\n\n\n\n<p><a href=\"https:\/\/all.accor.com\/hotel\/9042\/index.pt.shtml\" data-type=\"URL\" data-id=\"https:\/\/all.accor.com\/hotel\/9042\/index.pt.shtml\">Hotel Ibis Budget Braga <\/a>***<\/p>\n\n\n\n<p><a href=\"https:\/\/urbanhotel.pt\/urbanhotelestacao.html\" data-type=\"URL\" data-id=\"https:\/\/urbanhotel.pt\/urbanhotelestacao.html\">Urban Hotel Esta\u00e7\u00e3o<\/a> ***<\/p>\n\n\n\n<p><a href=\"https:\/\/all.accor.com\/hotel\/1802\/index.pt.shtml\" data-type=\"URL\" data-id=\"https:\/\/all.accor.com\/hotel\/1802\/index.pt.shtml\">Hotel Ibis<\/a> **<\/p>\n\n\n\n<p><a href=\"https:\/\/pt.hoteis.com\/ho431460\/albergaria-da-se-braga-portugal\/\" data-type=\"URL\" data-id=\"https:\/\/pt.hoteis.com\/ho431460\/albergaria-da-se-braga-portugal\/\">Albergaria da S\u00e9<\/a><\/p>\n\n\n\n<p>Alguns dos principais hostels da cidade:<\/p>\n\n\n\n<p><a href=\"https:\/\/www.tripadvisor.pt\/Hotel_Review-g189171-d2296630-Reviews-Braga_POP_Hostel-Braga_Braga_District_Northern_Portugal.html\" data-type=\"URL\" data-id=\"https:\/\/www.tripadvisor.pt\/Hotel_Review-g189171-d2296630-Reviews-Braga_POP_Hostel-Braga_Braga_District_Northern_Portugal.html\">Braga Pop Hostel<\/a><\/p>\n\n\n\n<p><a href=\"http:\/\/dans-latelier-hostel.allbragahotels.com\/pt\/\" data-type=\"URL\" data-id=\"http:\/\/dans-latelier-hostel.allbragahotels.com\/pt\/\">Dans L\u2019Atelier Hostel<\/a><\/p>\n\n\n\n<p><a href=\"https:\/\/www.inbragahostel.com\" data-type=\"URL\" data-id=\"https:\/\/www.inbragahostel.com\">In Braga Hostel<\/a><\/p>\n\n\n\n<p><a href=\"http:\/\/justgo-hostel.allbragahotels.com\/pt\/\" data-type=\"URL\" data-id=\"http:\/\/justgo-hostel.allbragahotels.com\/pt\/\">Just Go<\/a><\/p>\n\n\n\n<p><a href=\"http:\/\/liberdade-guesthouse.allbragahotels.com\/pt\/\" data-type=\"URL\" data-id=\"http:\/\/liberdade-guesthouse.allbragahotels.com\/pt\/\">Liberdade GuestHouse<\/a><\/p>\n\n\n\n<p><a href=\"http:\/\/truthostel.allbragahotels.com\/pt\/\" data-type=\"URL\" data-id=\"http:\/\/truthostel.allbragahotels.com\/pt\/\">TrustHostel<\/a><\/p>\n\n\n\n<p><\/p>\n\n\n\n<p><\/p>\n\n\n\n<figure class=\"wp-block-pullquote\"><blockquote><p><strong>Jantar do congresso<\/strong><\/p><\/blockquote><\/figure>\n\n\n\n<p><a href=\"https:\/\/www.tripadvisor.pt\/Restaurant_Review-g189171-d12230548-Reviews-Dom_Augusto_Restaurante-Braga_Braga_District_Northern_Portugal.html\" target=\"_blank\" rel=\"noreferrer noopener\">Dom Augusto Restaurante<\/a><\/p>\n\n\n\n<p>Rua de Sao Vicente 222, Braga 4705-341 Portugal<\/p>\n\n\n\n<p>Inscri\u00e7\u00e3o para o jantar at\u00e9 ao dia <strong>2 de dezembro<\/strong> para <strong>congresso2022@culturas.cc<\/strong> <\/p>\n\n\n\n<p>(valor: 20 euros por pessoa)<\/p>\n\n\n\n<p><strong>Nota importante:<\/strong> o restaurante n\u00e3o disp\u00f5e de sistema multibanco para pagamento<\/p>\n\n\n\n<figure class=\"wp-block-pullquote\"><blockquote><p><strong>Local<\/strong><\/p><\/blockquote><\/figure>\n\n\n\n<p>O Instituto de Ci\u00eancias Sociais (ICS) \u00e9 uma das escolas fundadoras da Universidade do Minho, criada em 1976. Desde ent\u00e3o, o ICS participou ativamente no lan\u00e7amento de cursos de licenciatura, mestrado e doutoramento nos dom\u00ednios da Arqueologia, Ci\u00eancias da Comunica\u00e7\u00e3o, Geografia, Hist\u00f3ria e Sociologia.&nbsp;<\/p>\n\n\n\n<p>Centro de Estudos de Comunica\u00e7\u00e3o e Sociedade &#8211; <\/p>\n\n\n\n<p>Instituto de Ci\u00eancias Sociais<\/p>\n\n\n\n<p>Universidade do Minho<\/p>\n\n\n\n<p>Campus de Gualtar<\/p>\n\n\n\n<p>4710-057 Braga<\/p>\n\n\n\n<p><\/p>\n","protected":false},"excerpt":{"rendered":"<p>Alojamento A cidade de Braga disp\u00f5e de uma vasta oferta de alojamento, desde hot\u00e9is de grupos internacionais &#8211; como os hot\u00e9is Meli\u00e1, Mercure e Ibis \u2013 a alojamento local. Grande parte destes alojamentos localizam-se no centro da cidade, com uma vista privilegiada. Os pre\u00e7os praticados em Braga assemelham-se aos das restantes grandes cidades do pa\u00eds.&nbsp;&#8230; <\/p>\n<div class=\"clear\"><\/div>\n<p><a href=\"https:\/\/culturas.cc\/congresso2022\/accommodation\/\" class=\"gdlr-info-font excerpt-read-more\">Read More<\/a><\/p>\n","protected":false},"author":1,"featured_media":0,"parent":0,"menu_order":0,"comment_status":"closed","ping_status":"open","template":"","meta":{"_bbp_topic_count":0,"_bbp_reply_count":0,"_bbp_total_topic_count":0,"_bbp_total_reply_count":0,"_bbp_voice_count":0,"_bbp_anonymous_reply_count":0,"_bbp_topic_count_hidden":0,"_bbp_reply_count_hidden":0,"_bbp_forum_subforum_count":0,"footnotes":""},"class_list":["post-3358","page","type-page","status-publish","hentry"],"jetpack_sharing_enabled":true,"_links":{"self":[{"href":"https:\/\/culturas.cc\/congresso2022\/wp-json\/wp\/v2\/pages\/3358","targetHints":{"allow":["GET"]}}],"collection":[{"href":"https:\/\/culturas.cc\/congresso2022\/wp-json\/wp\/v2\/pages"}],"about":[{"href":"https:\/\/culturas.cc\/congresso2022\/wp-json\/wp\/v2\/types\/page"}],"author":[{"embeddable":true,"href":"https:\/\/culturas.cc\/congresso2022\/wp-json\/wp\/v2\/users\/1"}],"replies":[{"embeddable":true,"href":"https:\/\/culturas.cc\/congresso2022\/wp-json\/wp\/v2\/comments?post=3358"}],"version-history":[{"count":10,"href":"https:\/\/culturas.cc\/congresso2022\/wp-json\/wp\/v2\/pages\/3358\/revisions"}],"predecessor-version":[{"id":19575,"href":"https:\/\/culturas.cc\/congresso2022\/wp-json\/wp\/v2\/pages\/3358\/revisions\/19575"}],"wp:attachment":[{"href":"https:\/\/culturas.cc\/congresso2022\/wp-json\/wp\/v2\/media?parent=3358"}],"curies":[{"name":"wp","href":"https:\/\/api.w.org\/{rel}","templated":true}]}}