{"id":3244,"date":"2021-11-11T10:00:00","date_gmt":"2021-11-11T13:00:00","guid":{"rendered":"http:\/\/themes.goodlayers.com\/thekeynote\/?page_id=3244"},"modified":"2022-12-05T12:34:04","modified_gmt":"2022-12-05T12:34:04","slug":"programacao","status":"publish","type":"page","link":"https:\/\/culturas.cc\/congresso2022\/programacao\/","title":{"rendered":"Programa Cient\u00edfico"},"content":{"rendered":"<div class=\"wp-block-image\">\n<figure class=\"aligncenter size-full\"><a href=\"https:\/\/culturas.cc\/congresso2022\/wp-content\/uploads\/sites\/13\/2022\/12\/Programa_Final-1.pdf\" target=\"_blank\" rel=\"noreferrer noopener\"><img loading=\"lazy\" decoding=\"async\" width=\"595\" height=\"842\" src=\"https:\/\/culturas.cc\/congresso2022\/wp-content\/uploads\/sites\/13\/2022\/11\/Imagem.jpg\" alt=\"\" class=\"wp-image-19530\" srcset=\"https:\/\/culturas.cc\/congresso2022\/wp-content\/uploads\/sites\/13\/2022\/11\/Imagem.jpg 595w, https:\/\/culturas.cc\/congresso2022\/wp-content\/uploads\/sites\/13\/2022\/11\/Imagem-212x300.jpg 212w\" sizes=\"auto, (max-width: 595px) 100vw, 595px\" \/><\/a><\/figure>\n<\/div>\n\n\n<div data-wp-interactive=\"core\/file\" class=\"wp-block-file\"><object data-wp-bind--hidden=\"!state.hasPdfPreview\" hidden class=\"wp-block-file__embed\" data=\"https:\/\/culturas.cc\/congresso2022\/wp-content\/uploads\/sites\/13\/2022\/12\/LINKS-SESSOES-1.pdf\" type=\"application\/pdf\" style=\"width:100%;height:600px\" aria-label=\"Incorpora\u00e7\u00e3o de Incorpora\u00e7\u00e3o de LINKS-SESSOES-1..\"><\/object><a id=\"wp-block-file--media-0846b931-958f-4028-b6b6-f6908c7145d5\" href=\"https:\/\/culturas.cc\/congresso2022\/wp-content\/uploads\/sites\/13\/2022\/12\/LINKS-SESSOES-1.pdf\">LINKS-SESSOES-1<\/a><a href=\"https:\/\/culturas.cc\/congresso2022\/wp-content\/uploads\/sites\/13\/2022\/12\/LINKS-SESSOES-1.pdf\" class=\"wp-block-file__button\" download aria-describedby=\"wp-block-file--media-0846b931-958f-4028-b6b6-f6908c7145d5\">Descarregar<\/a><\/div>\n","protected":false},"excerpt":{"rendered":"","protected":false},"author":1,"featured_media":0,"parent":0,"menu_order":0,"comment_status":"closed","ping_status":"open","template":"","meta":{"_bbp_topic_count":0,"_bbp_reply_count":0,"_bbp_total_topic_count":0,"_bbp_total_reply_count":0,"_bbp_voice_count":0,"_bbp_anonymous_reply_count":0,"_bbp_topic_count_hidden":0,"_bbp_reply_count_hidden":0,"_bbp_forum_subforum_count":0,"footnotes":""},"class_list":["post-3244","page","type-page","status-publish","hentry"],"jetpack_sharing_enabled":true,"_links":{"self":[{"href":"https:\/\/culturas.cc\/congresso2022\/wp-json\/wp\/v2\/pages\/3244","targetHints":{"allow":["GET"]}}],"collection":[{"href":"https:\/\/culturas.cc\/congresso2022\/wp-json\/wp\/v2\/pages"}],"about":[{"href":"https:\/\/culturas.cc\/congresso2022\/wp-json\/wp\/v2\/types\/page"}],"author":[{"embeddable":true,"href":"https:\/\/culturas.cc\/congresso2022\/wp-json\/wp\/v2\/users\/1"}],"replies":[{"embeddable":true,"href":"https:\/\/culturas.cc\/congresso2022\/wp-json\/wp\/v2\/comments?post=3244"}],"version-history":[{"count":9,"href":"https:\/\/culturas.cc\/congresso2022\/wp-json\/wp\/v2\/pages\/3244\/revisions"}],"predecessor-version":[{"id":19582,"href":"https:\/\/culturas.cc\/congresso2022\/wp-json\/wp\/v2\/pages\/3244\/revisions\/19582"}],"wp:attachment":[{"href":"https:\/\/culturas.cc\/congresso2022\/wp-json\/wp\/v2\/media?parent=3244"}],"curies":[{"name":"wp","href":"https:\/\/api.w.org\/{rel}","templated":true}]}}