{"id":426,"date":"2020-09-01T00:00:24","date_gmt":"2020-09-01T03:00:24","guid":{"rendered":"http:\/\/welfare.cmsmasters.net\/?page_id=426"},"modified":"2020-11-19T23:57:53","modified_gmt":"2020-11-20T02:57:53","slug":"organizacao","status":"publish","type":"page","link":"https:\/\/culturas.cc\/congresso2020\/organizacao\/","title":{"rendered":"Organiza\u00e7\u00e3o"},"content":{"rendered":"<div id=\"cmsmasters_row_o80ovqhyk\" class=\"cmsmasters_row cmsmasters_color_scheme_default cmsmasters_row_top_default cmsmasters_row_bot_default cmsmasters_row_boxed\">\n<div class=\"cmsmasters_row_outer_parent\">\n<div class=\"cmsmasters_row_outer\">\n<div class=\"cmsmasters_row_inner\">\n<div class=\"cmsmasters_row_margin\">\n<div id=\"cmsmasters_column_u756moot\" class=\"cmsmasters_column one_first\">\n<div class=\"cmsmasters_column_inner\"><\/div><\/div>\n<\/div>\n<\/div>\n<\/div>\n<\/div>\n<\/div>\n<div id=\"cmsmasters_row_q6jyhlt5o7\" class=\"cmsmasters_row cmsmasters_color_scheme_default cmsmasters_row_top_default cmsmasters_row_bot_default cmsmasters_row_boxed\">\n<div class=\"cmsmasters_row_outer_parent\">\n<div class=\"cmsmasters_row_outer\">\n<div class=\"cmsmasters_row_inner\">\n<div class=\"cmsmasters_row_margin\">\n<div id=\"cmsmasters_column_8lefy2yjhr\" class=\"cmsmasters_column one_first\">\n<div class=\"cmsmasters_column_inner\"><div id=\"cmsmasters_heading_7vbgk9as4f\" class=\"cmsmasters_heading_wrap cmsmasters_heading_align_left cmsmasters_heading_divider_short\">\n\t<h2 class=\"cmsmasters_heading\">Comiss\u00e3o Interuniversit\u00e1ria do Congresso 2020<\/h2>\n<span class=\"cmsmasters_heading_divider_right_wrap\"><span class=\"cmsmasters_heading_divider cmsmasters_heading_divider_right\"><\/span><\/span>\n<\/div>\n<\/div><\/div>\n<\/div>\n<\/div>\n<div class=\"cmsmasters_row_inner\">\n<div class=\"cmsmasters_row_margin\">\n<div id=\"cmsmasters_column_zu4yib96ig\" class=\"cmsmasters_column one_half\">\n<div class=\"cmsmasters_column_inner\"><div class=\"cmsmasters_text\">\n<div style=\"text-align: right;\" align=\"right\">Messias Guimar\u00e3es Bandeira<\/div>\n<div style=\"text-align: right;\" align=\"right\">Adriano Sampaio<br \/>\nAnnamaria Jatob\u00e1 Palacios<br \/>\nAntonio Albino Canelas Rubim<br \/>\nAnt\u00f3nio Amaral<br \/>\nCaroline Fantinel<br \/>\nEdilene Dias Matos<br \/>\nGabriel Magalh\u00e3es<br \/>\nJos\u00e9 Roberto Severino<br \/>\nJos\u00e9 Rosa<br \/>\nLinda Rubim<br \/>\nMartins Mapera<br \/>\nMoises Lemos Martins<br \/>\nPaulo Miguez<br \/>\nPaulo Os\u00f3rio<br \/>\nRenata Pitombo<br \/>\nRicardo de Araujo Soares<br \/>\nRita Arag\u00e3o<br \/>\nUrbano Mestre Sidoncha<\/div>\n<\/div>\n<\/div><\/div>\n<div id=\"cmsmasters_column_iwp5iprgun\" class=\"cmsmasters_column one_half\">\n<div class=\"cmsmasters_column_inner\"><div class=\"cmsmasters_text\">\n<div>Universidade Federal da Bahia, Brasil (Presidente)<\/div>\n<div>Universidade Federal da Bahia, Brasil<br \/>\nUniversidade Federal da Bahia, Brasil<br \/>\nUniversidade Federal da Bahia, Brasil<br \/>\nUniversidade da Beira Interior, Portugal<br \/>\nUniversidade Federal da Bahia, Brasil<br \/>\nUniversidade Federal da Bahia, Brasil<br \/>\nUniversidade da Beira Interior, Portugal<br \/>\nUniversidade Federal da Bahia, Brasil<br \/>\nUniversidade da Beira Interior, Portugal<br \/>\nUniversidade Federal da Bahia, Brasil<br \/>\nUniversidade de Zambeze, Mo\u00e7ambique<br \/>\nUniversidade do Minho, Portugal<br \/>\nUniversidade Federal da Bahia, Brasil<br \/>\nUniversidade da Beira Interior, Portugal<br \/>\nUniversidade Federal do Rec\u00f4ncavo da Bahia, Brasil<br \/>\nUniversidade Federal da Bahia, Brasil<br \/>\nUniversidade Federal da Bahia, Brasil<br \/>\nUniversidade da Beira Interior, Portugal<\/div>\n<\/div>\n<\/div><\/div>\n<\/div>\n<\/div>\n<div class=\"cmsmasters_row_inner\">\n<div class=\"cmsmasters_row_margin\">\n<div id=\"cmsmasters_column_\" class=\"cmsmasters_column one_first\">\n<div class=\"cmsmasters_column_inner\"><div id=\"cmsmasters_heading_c8mvs76l09\" class=\"cmsmasters_heading_wrap cmsmasters_heading_align_left cmsmasters_heading_divider_short\">\n\t<h2 class=\"cmsmasters_heading\">Comiss\u00e3o Executiva<\/h2>\n<span class=\"cmsmasters_heading_divider_right_wrap\"><span class=\"cmsmasters_heading_divider cmsmasters_heading_divider_right\"><\/span><\/span>\n<\/div>\n<\/div><\/div>\n<\/div>\n<\/div>\n<div class=\"cmsmasters_row_inner\">\n<div class=\"cmsmasters_row_margin\">\n<div id=\"cmsmasters_column_9tu9fd1or\" class=\"cmsmasters_column one_half\">\n<div class=\"cmsmasters_column_inner\"><div class=\"cmsmasters_text\">\n<p style=\"text-align: right;\">Messias Bandeira<br \/>\nRicardo Soares<br \/>\nAnna Palacios<br \/>\nRenata Pitombo<br \/>\nUrbano Sidoncha<br \/>\nMois\u00e9s Martins<br \/>\nMartins Mapera<\/p>\n<\/div>\n<\/div><\/div>\n<div id=\"cmsmasters_column_7l25rw2f9p\" class=\"cmsmasters_column one_half\">\n<div class=\"cmsmasters_column_inner\"><div class=\"cmsmasters_text\">\n<p style=\"text-align: left;\">Universidade Federal da Bahia, Brasil<br \/>\nUniversidade Federal da Bahia, Brasil<br \/>\nUniversidade Federal da Bahia, Brasil<br \/>\nUniversidade Federal do Rec\u00f4ncavo da Bahia, Brasil<br \/>\nUniversidade da Beira Interior, Portugal<br \/>\nUniversidade do Minho, Portugal<br \/>\nUniversidade de Zambeze, Mo\u00e7ambique<\/p>\n<\/div>\n<\/div><\/div>\n<\/div>\n<\/div>\n<\/div>\n<\/div>\n<\/div>\n<div id=\"cmsmasters_row_et8qojiyo\" class=\"cmsmasters_row cmsmasters_color_scheme_default cmsmasters_row_top_default cmsmasters_row_bot_default cmsmasters_row_boxed\">\n<div class=\"cmsmasters_row_outer_parent\">\n<div class=\"cmsmasters_row_outer\">\n<div class=\"cmsmasters_row_inner\">\n<div class=\"cmsmasters_row_margin\">\n<div id=\"cmsmasters_column_zov2qo1we\" class=\"cmsmasters_column one_first\">\n<div class=\"cmsmasters_column_inner\"><div id=\"cmsmasters_heading_r0vh79n8c\" class=\"cmsmasters_heading_wrap cmsmasters_heading_align_left cmsmasters_heading_divider_short\">\n\t<h2 class=\"cmsmasters_heading\">Comiss\u00e3o Cient\u00edfica da Rede<\/h2>\n<span class=\"cmsmasters_heading_divider_right_wrap\"><span class=\"cmsmasters_heading_divider cmsmasters_heading_divider_right\"><\/span><\/span>\n<\/div>\n<\/div><\/div>\n<\/div>\n<\/div>\n<div class=\"cmsmasters_row_inner\">\n<div class=\"cmsmasters_row_margin\">\n<div id=\"cmsmasters_column_ndrk62tks5\" class=\"cmsmasters_column one_half\">\n<div class=\"cmsmasters_column_inner\"><div class=\"cmsmasters_text\">\n<p style=\"text-align: right;\">Adriano Sampaio<br \/>\nAndr\u00e9 Bonfim<br \/>\nAlbino Rubim<br \/>\nAlexandre Costa Lu\u00eds<br \/>\nAnabela Carvalho<br \/>\nAnnabela Gradim<br \/>\nAndr\u00e9 Barata<br \/>\nAnnabela Rita<br \/>\nAnnamaria Pal\u00e1cios<br \/>\nAnt\u00f3nio Fidalgo<br \/>\nCarla Sofia Xavier<br \/>\nCarol Barreto<br \/>\nCatarina Moura<br \/>\nDaniel Brand\u00e3o<br \/>\nDaniela Abreu Matos<br \/>\nDanilo Barata<br \/>\nEdilene Dias Matos<br \/>\nEduardo Louren\u00e7o<br \/>\nEm\u00edlia Ara\u00fajo<br \/>\nFrancisco Paiva<br \/>\nFernando Cascais<br \/>\nGabriel Magalh\u00e3es<br \/>\nGiovandro Ferreira<br \/>\nGisela Gon\u00e7alves<br \/>\nGuilherme d\u2019Oliveira Martins<br \/>\nHelena Sousa<br \/>\nHenrique Sena<br \/>\nIdalina Maia Sidoncha<br \/>\nIsabel Macedo<br \/>\nIvone Ferreir<br \/>\nJesu\u00e9 Pinharanda Gomes (\u2020)<br \/>\nJo\u00e3o Canavilhas<br \/>\nJo\u00e3o Carlos Correia<br \/>\nJoaquim Paulo Serra<br \/>\nJorge Cardoso Filho<br \/>\nJos\u00e9 Carlos Ven\u00e2ncio<br \/>\nJos\u00e9 Eduardo Franco<br \/>\nJos\u00e9 Pires Manso<br \/>\nJos\u00e9 Roberto Severino<br \/>\nJos\u00e9 Rosa<br \/>\nJussara Maia<br \/>\nLaura Bezerra<br \/>\nLinda Rubim<br \/>\nLurdes Macedo<br \/>\nMadalena Oliveira<br \/>\nManuel Gama<br \/>\nManuel Pinto<br \/>\nManuela Penafria<br \/>\nMarcos Palacios<br \/>\nMariella Pitombo<br \/>\nMarise Berta<br \/>\nMessias Guimar\u00e3es Bandeira<br \/>\nMiguel Real<br \/>\nMois\u00e9s de Lemos Martins<br \/>\nNuno Jer\u00f3nimo<br \/>\nOn\u00e9simo Teot\u00f3nio d\u2019Almeida<br \/>\nPaulo Miguez<br \/>\nPaulo Os\u00f3rio<br \/>\nPaulo Serra<br \/>\nRenata Pitombo<br \/>\nRita Arag\u00e3o<br \/>\nRita Ribeiro<br \/>\nRosa Cabecinhas<br \/>\nS\u00e9rgio Mattos<br \/>\nS\u00f3nia S\u00e1<br \/>\nTeresa Ru\u00e3o<br \/>\nTito Cardoso e Cunha<br \/>\nUrbano Sidoncha<br \/>\nVictor Amaral<br \/>\nZara Pinto-Coelho<\/p>\n<\/div>\n<\/div><\/div>\n<div id=\"cmsmasters_column_llg5dw0pw\" class=\"cmsmasters_column one_half\">\n<div class=\"cmsmasters_column_inner\"><div class=\"cmsmasters_text\">\n<p>Universidade Federal da Bahia, Brasil<br \/>\nUniversidade Federal do Oeste da Bahia, Brasil<br \/>\nUniversidade Federal da Bahia, Brasil<br \/>\nUniversidade da Beira Interior, Portugal<br \/>\nUniversidade do Minho, Portugal<br \/>\nUniversidade da Beira Interior, Portugal<br \/>\nUniversidade da Beira Interior, Portugal<br \/>\nUniversidade de Lisboa, Portugal<br \/>\nUniversidade Federal da Bahia, Brasil<br \/>\nUniversidade da Beira Interior, Portugal<br \/>\nUniversidade da Beira Interior, Portugal<br \/>\nUniversidade Federal da Bahia, Brasil<br \/>\nUniversidade da Beira Interior, Portugal<br \/>\nUniversidade do Minho, Portugal<br \/>\nUniversidade Federal do Rec\u00f4ncavo da Bahia, Brasil<br \/>\nUniversidade Federal do Rec\u00f4ncavo da Bahia, Brasil<br \/>\nUniversidade Federal da Bahia, Brasil<br \/>\nEnsa\u00edsta\/Escritor, Portugal<br \/>\nUniversidade do Minho, Portugal<br \/>\nUniversidade da Beira Interior, Portugal<br \/>\nUniversidade Nova de Lisboa, Portugal<br \/>\nUniversidade da Beira Interior, Portugal<br \/>\nUniversidade Federal da Bahia, Brasil<br \/>\nUniversidade da Beira Interior, Portugal<br \/>\nCentro Nacional de Cultura, Portugal<br \/>\nUniversidade do Minho, Portugal<br \/>\nUniversidade Federal do Rec\u00f4ncavo da Bahia, Brasil<br \/>\nUniversidade da Beira Interior, Portugal<br \/>\nUniversidade do Minho, Portugal)<br \/>\nUniversidade Nova de Lisboa, Portugal<br \/>\nUniversidade da Beira Interior, Portugal<br \/>\nUniversidade da Beira Interior, Portugal<br \/>\nUniversidade da Beira Interior, Portugal<br \/>\nUniversidade da Beira Interior, Portugal<br \/>\nUniversidade Federal do Rec\u00f4ncavo da Bahia, Brasil<br \/>\nUniversidade da Beira Interior, Portugal<br \/>\nUniversidade Aberta, Portugal<br \/>\nUniversidade da Beira Interior, Portugal<br \/>\nUniversidade Federal da Bahia, Brasil<br \/>\nUniversidade da Beira Interior, Portugal<br \/>\nUniversidade Federal do Rec\u00f4ncavo da Bahia, Brasil<br \/>\nUniversidade Federal do Rec\u00f4ncavo da Bahia, Brasil<br \/>\nUniversidade Federal da Bahia, Brasil<br \/>\nUniversidade do Minho, Portugal<br \/>\nUniversidade do Minho, Portugal<br \/>\nUniversidade do Minho, Portugal<br \/>\nUniversidade do Minho, Portugal<br \/>\nUniversidade da Beira Interior, Portugal<br \/>\nUniversidade Federal da Bahia, Brasil<br \/>\nUniversidade Federal do Rec\u00f4ncavo da Bahia, Brasil<br \/>\nUniversidade Federal da Bahia, Brasil<br \/>\nUniversidade Federal da Bahia, Brasil<br \/>\nCLEPUL, Universidade de Lisboa, Portugal<br \/>\nUniversidade do Minho, Portugal<br \/>\nUniversidade da Beira Interior, Portugal<br \/>\nUniversidade de Brown, EUA<br \/>\nUniversidade Federal da Bahia, Brasil<br \/>\nUniversidade da Beira Interior, Portugal<br \/>\nUniversidade da Beira Interior, Portugal<br \/>\nUniversidade Federal do Rec\u00f4ncavo da Bahia, Brasil<br \/>\nUniversidade Federal da Bahia, Brasil<br \/>\nUniversidade do Minho, Portugal<br \/>\nUniversidade do Minho, Portugal<br \/>\nUniversidade Federal do Rec\u00f4ncavo da Bahia, Brasil<br \/>\nUniversidade da Beira Interior, Portugal<br \/>\nUniversidade do Minho, Portugal<br \/>\nUniversidade da Beira Interior, Portugal<br \/>\nUniversidade da Beira Interior, Portugal<br \/>\nInstituto Polit\u00e9cnico da Guarda, Portugal<br \/>\nUniversidade do Minho, Portugal<\/p>\n<\/div>\n<\/div><\/div>\n<\/div>\n<\/div>\n<\/div>\n<\/div>\n<\/div>\n<div id=\"cmsmasters_row_munoxtcg2d\" class=\"cmsmasters_row cmsmasters_color_scheme_default cmsmasters_row_top_default cmsmasters_row_bot_default cmsmasters_row_boxed\">\n<div class=\"cmsmasters_row_outer_parent\">\n<div class=\"cmsmasters_row_outer\">\n<div class=\"cmsmasters_row_inner\">\n<div class=\"cmsmasters_row_margin\">\n<div id=\"cmsmasters_column_elnhh36oc8\" class=\"cmsmasters_column one_first\">\n<div class=\"cmsmasters_column_inner\"><div id=\"cmsmasters_heading_eiwazu9u8i\" class=\"cmsmasters_heading_wrap cmsmasters_heading_align_left cmsmasters_heading_divider_short\">\n\t<h2 class=\"cmsmasters_heading\">Comiss\u00e3o T\u00e9cnica<\/h2>\n<span class=\"cmsmasters_heading_divider_right_wrap\"><span class=\"cmsmasters_heading_divider cmsmasters_heading_divider_right\"><\/span><\/span>\n<\/div>\n<\/div><\/div>\n<\/div>\n<\/div>\n<div class=\"cmsmasters_row_inner\">\n<div class=\"cmsmasters_row_margin\">\n<div id=\"cmsmasters_column_drj2oss9bj\" class=\"cmsmasters_column one_half\">\n<div class=\"cmsmasters_column_inner\"><div class=\"cmsmasters_text\">\n<p style=\"text-align: right;\">Carol Fantinel<br \/>\nThain\u00e1 Oliveira<br \/>\nRenata Leahy<br \/>\nRicardo Soares<br \/>\nCl\u00e1udio Manoel<\/p>\n<\/div>\n<\/div><\/div>\n<div id=\"cmsmasters_column_huif0u6kbt\" class=\"cmsmasters_column one_half\">\n<div class=\"cmsmasters_column_inner\"><div class=\"cmsmasters_text\">\n<p style=\"text-align: left;\">Universidade Federal da Bahia, Brasil<br \/>\nUniversidade Federal da Bahia, Brasil<br \/>\nGrupo de pesquisa Corpo &amp; Cultura, Brasil<br \/>\nUniversidade Federal da Bahia, Brasil<br \/>\nUniversidade Federal do Rec\u00f4ncavo da Bahia, Brasil<\/p>\n<\/div>\n<\/div><\/div>\n<\/div>\n<\/div>\n<\/div>\n<\/div>\n<\/div>\n<div id=\"cmsmasters_row_usecmvnr8n\" class=\"cmsmasters_row cmsmasters_color_scheme_default cmsmasters_row_top_default cmsmasters_row_bot_default cmsmasters_row_boxed\">\n<div class=\"cmsmasters_row_outer_parent\">\n<div class=\"cmsmasters_row_outer\">\n<div class=\"cmsmasters_row_inner\">\n<div class=\"cmsmasters_row_margin\">\n<div id=\"cmsmasters_column_nzwej4o6xo\" class=\"cmsmasters_column one_first\">\n<div class=\"cmsmasters_column_inner\"><div id=\"cmsmasters_heading_yuyc7ou8x7\" class=\"cmsmasters_heading_wrap cmsmasters_heading_align_left cmsmasters_heading_divider_short\">\n\t<h2 class=\"cmsmasters_heading\">Secretaria &amp; Financeiro<\/h2>\n<span class=\"cmsmasters_heading_divider_right_wrap\"><span class=\"cmsmasters_heading_divider cmsmasters_heading_divider_right\"><\/span><\/span>\n<\/div>\n<\/div><\/div>\n<\/div>\n<\/div>\n<\/div>\n<\/div>\n<\/div>\n<div id=\"cmsmasters_row_lyz9izchas\" class=\"cmsmasters_row cmsmasters_color_scheme_default cmsmasters_row_top_default cmsmasters_row_bot_default cmsmasters_row_boxed\">\n<div class=\"cmsmasters_row_outer_parent\">\n<div class=\"cmsmasters_row_outer\">\n<div class=\"cmsmasters_row_inner\">\n<div class=\"cmsmasters_row_margin\">\n<div id=\"cmsmasters_column_gysgxtqd2\" class=\"cmsmasters_column one_half\">\n<div class=\"cmsmasters_column_inner\"><div class=\"cmsmasters_text\">\n<p style=\"text-align: right;\">Renata Costa Leahy<\/p>\n<\/div>\n<\/div><\/div>\n<div id=\"cmsmasters_column_ah4lmkp3cr\" class=\"cmsmasters_column one_half\">\n<div class=\"cmsmasters_column_inner\"><div class=\"cmsmasters_text\">\n<p>Grupo de pesquisa Corpo e Cultura, Brasil<\/p>\n<\/div>\n<\/div><\/div>\n<\/div>\n<\/div>\n<\/div>\n<\/div>\n<\/div>\n<div id=\"cmsmasters_row_b0le96zryq\" class=\"cmsmasters_row cmsmasters_color_scheme_default cmsmasters_row_top_default cmsmasters_row_bot_default cmsmasters_row_boxed\">\n<div class=\"cmsmasters_row_outer_parent\">\n<div class=\"cmsmasters_row_outer\">\n<div class=\"cmsmasters_row_inner\">\n<div class=\"cmsmasters_row_margin\">\n<div id=\"cmsmasters_column_i0dfzisolv\" class=\"cmsmasters_column one_first\">\n<div class=\"cmsmasters_column_inner\"><div id=\"cmsmasters_heading_l75zraebea\" class=\"cmsmasters_heading_wrap cmsmasters_heading_align_left cmsmasters_heading_divider_short\">\n\t<h2 class=\"cmsmasters_heading\">Programa\u00e7\u00e3o Cient\u00edfica &amp; Art\u00edstica<\/h2>\n<span class=\"cmsmasters_heading_divider_right_wrap\"><span class=\"cmsmasters_heading_divider cmsmasters_heading_divider_right\"><\/span><\/span>\n<\/div>\n<\/div><\/div>\n<\/div>\n<\/div>\n<div class=\"cmsmasters_row_inner\">\n<div class=\"cmsmasters_row_margin\">\n<div id=\"cmsmasters_column_rhygp0bp5f\" class=\"cmsmasters_column one_half\">\n<div class=\"cmsmasters_column_inner\"><div class=\"cmsmasters_text\">\n<p style=\"text-align: right;\">Renata Costa Leahy<br \/>\nClaudio Manoel Duarte de Souza<\/p>\n<\/div>\n<\/div><\/div>\n<div id=\"cmsmasters_column_n50ni5531g\" class=\"cmsmasters_column one_half\">\n<div class=\"cmsmasters_column_inner\"><div class=\"cmsmasters_text\">\n<p>Grupo de pesquisa Corpo e Cultura, Brasil<br \/>\nUniversidade Federal do Rec\u00f4ncavo da Bahia, Brasil<\/p>\n<\/div>\n<\/div><\/div>\n<\/div>\n<\/div>\n<\/div>\n<\/div>\n<\/div>\n<div id=\"cmsmasters_row_9mf8qhq2hr\" class=\"cmsmasters_row cmsmasters_color_scheme_default cmsmasters_row_top_default cmsmasters_row_bot_default cmsmasters_row_boxed\">\n<div class=\"cmsmasters_row_outer_parent\">\n<div class=\"cmsmasters_row_outer\">\n<div class=\"cmsmasters_row_inner\">\n<div class=\"cmsmasters_row_margin\">\n<div id=\"cmsmasters_column_rnegmp9sej\" class=\"cmsmasters_column one_first\">\n<div class=\"cmsmasters_column_inner\"><div id=\"cmsmasters_heading_h9amecnvd\" class=\"cmsmasters_heading_wrap cmsmasters_heading_align_left cmsmasters_heading_divider_short\">\n\t<h2 class=\"cmsmasters_heading\">Comunica\u00e7\u00e3o<\/h2>\n<span class=\"cmsmasters_heading_divider_right_wrap\"><span class=\"cmsmasters_heading_divider cmsmasters_heading_divider_right\"><\/span><\/span>\n<\/div>\n<\/div><\/div>\n<\/div>\n<\/div>\n<div class=\"cmsmasters_row_inner\">\n<div class=\"cmsmasters_row_margin\">\n<div id=\"cmsmasters_column_rj1uxoprwb\" class=\"cmsmasters_column one_half\">\n<div class=\"cmsmasters_column_inner\"><div class=\"cmsmasters_text\">\n<p style=\"text-align: right;\">Carol Fantinel<br \/>\nThain\u00e1 Oliveira<\/p>\n<\/div>\n<\/div><\/div>\n<div id=\"cmsmasters_column_qle0ydzg3u\" class=\"cmsmasters_column one_half\">\n<div class=\"cmsmasters_column_inner\"><div class=\"cmsmasters_text\">\n<p>Universidade Federal da Bahia, Brasil<br \/>\nUniversidade Federal da Bahia, Brasil<\/p>\n<\/div>\n<\/div><\/div>\n<\/div>\n<\/div>\n<\/div>\n<\/div>\n<\/div>\n<div id=\"cmsmasters_row_0p80ftwuos\" class=\"cmsmasters_row cmsmasters_color_scheme_default cmsmasters_row_top_default cmsmasters_row_bot_default cmsmasters_row_boxed\">\n<div class=\"cmsmasters_row_outer_parent\">\n<div class=\"cmsmasters_row_outer\">\n<div class=\"cmsmasters_row_inner\">\n<div class=\"cmsmasters_row_margin\">\n<div id=\"cmsmasters_column_145415aplk\" class=\"cmsmasters_column one_first\">\n<div class=\"cmsmasters_column_inner\"><div id=\"cmsmasters_heading_5cx05f1io\" class=\"cmsmasters_heading_wrap cmsmasters_heading_align_left cmsmasters_heading_divider_short\">\n\t<h2 class=\"cmsmasters_heading\">Website &amp; Arquitetura da Informa\u00e7\u00e3o<\/h2>\n<span class=\"cmsmasters_heading_divider_right_wrap\"><span class=\"cmsmasters_heading_divider cmsmasters_heading_divider_right\"><\/span><\/span>\n<\/div>\n<\/div><\/div>\n<\/div>\n<\/div>\n<div class=\"cmsmasters_row_inner\">\n<div class=\"cmsmasters_row_margin\">\n<div id=\"cmsmasters_column_mv04gzxbq4\" class=\"cmsmasters_column one_half\">\n<div class=\"cmsmasters_column_inner\"><div class=\"cmsmasters_text\">\n<p style=\"text-align: right;\">Ricardo Soares<br \/>\nMessias Bandeira<\/p>\n<\/div>\n<\/div><\/div>\n<div id=\"cmsmasters_column_hzgv7gux\" class=\"cmsmasters_column one_half\">\n<div class=\"cmsmasters_column_inner\"><div class=\"cmsmasters_text\">\n<p>Universidade Federal da Bahia, Brasil<br \/>\nUniversidade Federal da Bahia, Brasil<\/p>\n<\/div>\n<\/div><\/div>\n<\/div>\n<\/div>\n<\/div>\n<\/div>\n<\/div>\n<div id=\"cmsmasters_row_t0cuocsgjx\" class=\"cmsmasters_row cmsmasters_color_scheme_default cmsmasters_row_top_default cmsmasters_row_bot_default cmsmasters_row_boxed\">\n<div class=\"cmsmasters_row_outer_parent\">\n<div class=\"cmsmasters_row_outer\">\n<div class=\"cmsmasters_row_inner\">\n<div class=\"cmsmasters_row_margin\">\n<div id=\"cmsmasters_column_eiiu7spu5x\" class=\"cmsmasters_column one_first\">\n<div class=\"cmsmasters_column_inner\"><div id=\"cmsmasters_heading_ivwmtfd9a\" class=\"cmsmasters_heading_wrap cmsmasters_heading_align_left cmsmasters_heading_divider_short\">\n\t<h2 class=\"cmsmasters_heading\">Modera\u00e7\u00e3o de Lives<\/h2>\n<span class=\"cmsmasters_heading_divider_right_wrap\"><span class=\"cmsmasters_heading_divider cmsmasters_heading_divider_right\"><\/span><\/span>\n<\/div>\n<\/div><\/div>\n<\/div>\n<\/div>\n<div class=\"cmsmasters_row_inner\">\n<div class=\"cmsmasters_row_margin\">\n<div id=\"cmsmasters_column_sl8g2otrbk\" class=\"cmsmasters_column one_half\">\n<div class=\"cmsmasters_column_inner\"><div class=\"cmsmasters_text\">\n<p style=\"text-align: right;\">Carol Fantinel<br \/>\nClara Ten\u00f3rio<br \/>\nCl\u00e1udio Manoel Duarte<br \/>\nDanielle Santos de Souza<br \/>\nDiorlene Oliveira da Silva<br \/>\nEmanuela Siqueira<br \/>\nGina Rocha Reis Vieira<br \/>\nJo\u00e3o Carlos Almeida dos Santos<br \/>\nJoyce Mendes Paim<br \/>\nKarine<br \/>\nMatheus Morais Vitoriano Dias<br \/>\nRenata Leahy<br \/>\nRicardo Soares<br \/>\nTain\u00e1 Oliveira<\/p>\n<\/div>\n<\/div><\/div>\n<div id=\"cmsmasters_column_b9nc2bsga7\" class=\"cmsmasters_column one_half\">\n<div class=\"cmsmasters_column_inner\"><div class=\"cmsmasters_text\">\n<p>| Universidade Federal da Bahia, Brasil<br \/>\n| Universidade Federal da Bahia, Brasil<br \/>\n| Universidade Federal do Rec\u00f4ncavo da Bahia, Brasil<br \/>\n| Universidade Federal da Bahia, Brasil<br \/>\n| Universidade Federal da Bahia, Brasil<br \/>\n| Grupo de pesquisa Digitalia, Brasil<br \/>\n| Universidade Federal da Bahia, Brasil<br \/>\n| Universidade Federal da Bahia, Brasil<br \/>\n| Universidade Federal da Bahia, Brasil<br \/>\n| Universidade Federal da Bahia, Brasil<br \/>\n| Universidade Federal da Bahia, Brasil<br \/>\n| Grupo de pesquisa Corpo &amp; Cultura, Brasil<br \/>\n| Universidade Federal da Bahia, Brasil<br \/>\n| Universidade Federal da Bahia, Brasil<\/p>\n<\/div>\n<\/div><\/div>\n<\/div>\n<\/div>\n<\/div>\n<\/div>\n<\/div>\n\n","protected":false},"excerpt":{"rendered":"","protected":false},"author":1,"featured_media":0,"parent":0,"menu_order":0,"comment_status":"closed","ping_status":"open","template":"","meta":{"_bbp_topic_count":0,"_bbp_reply_count":0,"_bbp_total_topic_count":0,"_bbp_total_reply_count":0,"_bbp_voice_count":0,"_bbp_anonymous_reply_count":0,"_bbp_topic_count_hidden":0,"_bbp_reply_count_hidden":0,"_bbp_forum_subforum_count":0,"footnotes":""},"class_list":["post-426","page","type-page","status-publish","hentry"],"jetpack_sharing_enabled":true,"_links":{"self":[{"href":"https:\/\/culturas.cc\/congresso2020\/wp-json\/wp\/v2\/pages\/426","targetHints":{"allow":["GET"]}}],"collection":[{"href":"https:\/\/culturas.cc\/congresso2020\/wp-json\/wp\/v2\/pages"}],"about":[{"href":"https:\/\/culturas.cc\/congresso2020\/wp-json\/wp\/v2\/types\/page"}],"author":[{"embeddable":true,"href":"https:\/\/culturas.cc\/congresso2020\/wp-json\/wp\/v2\/users\/1"}],"replies":[{"embeddable":true,"href":"https:\/\/culturas.cc\/congresso2020\/wp-json\/wp\/v2\/comments?post=426"}],"version-history":[{"count":50,"href":"https:\/\/culturas.cc\/congresso2020\/wp-json\/wp\/v2\/pages\/426\/revisions"}],"predecessor-version":[{"id":17453,"href":"https:\/\/culturas.cc\/congresso2020\/wp-json\/wp\/v2\/pages\/426\/revisions\/17453"}],"wp:attachment":[{"href":"https:\/\/culturas.cc\/congresso2020\/wp-json\/wp\/v2\/media?parent=426"}],"curies":[{"name":"wp","href":"https:\/\/api.w.org\/{rel}","templated":true}]}}