{"id":16191,"date":"2020-11-08T11:37:38","date_gmt":"2020-11-08T14:37:38","guid":{"rendered":"https:\/\/culturas.cc\/congresso2020\/?page_id=16191"},"modified":"2020-11-17T00:41:19","modified_gmt":"2020-11-17T03:41:19","slug":"confirmar","status":"publish","type":"page","link":"https:\/\/culturas.cc\/congresso2020\/confirmar\/","title":{"rendered":"Inscri\u00e7\u00e3o &#038; Pagamento"},"content":{"rendered":"<div id=\"cmsmasters_row_\" class=\"cmsmasters_row cmsmasters_color_scheme_default cmsmasters_row_top_default cmsmasters_row_bot_default cmsmasters_row_boxed\">\n<div class=\"cmsmasters_row_outer_parent\">\n<div class=\"cmsmasters_row_outer\">\n<div class=\"cmsmasters_row_inner\">\n<div class=\"cmsmasters_row_margin\">\n<div id=\"cmsmasters_column_\" class=\"cmsmasters_column one_first\">\n<div class=\"cmsmasters_column_inner\"><div class=\"cmsmasters_text\">\n<p>&nbsp;<\/p>\n<\/div>\n<\/div><\/div>\n<\/div>\n<\/div>\n<\/div>\n<\/div>\n<\/div>\n<div id=\"cmsmasters_row_tjuwwinfq\" class=\"cmsmasters_row cmsmasters_color_scheme_default cmsmasters_row_top_default cmsmasters_row_bot_default cmsmasters_row_boxed\">\n<div class=\"cmsmasters_row_outer_parent\">\n<div class=\"cmsmasters_row_outer\">\n<div class=\"cmsmasters_row_inner\">\n<div class=\"cmsmasters_row_margin\">\n<div id=\"cmsmasters_column_sy28sbpm2\" class=\"cmsmasters_column one_first\">\n<div class=\"cmsmasters_column_inner\"><\/div><\/div>\n<\/div>\n<\/div>\n<\/div>\n<\/div>\n<\/div>\n<div id=\"cmsmasters_row_\" class=\"cmsmasters_row cmsmasters_color_scheme_default cmsmasters_row_top_default cmsmasters_row_bot_default cmsmasters_row_boxed\">\n<div class=\"cmsmasters_row_outer_parent\">\n<div class=\"cmsmasters_row_outer\">\n<div class=\"cmsmasters_row_inner\">\n<div class=\"cmsmasters_row_margin\">\n<div id=\"cmsmasters_column_\" class=\"cmsmasters_column one_first\">\n<div class=\"cmsmasters_column_inner\"><div class=\"cmsmasters_text\">\n<p>&nbsp;<\/p>\n<\/div>\n<\/div><\/div>\n<\/div>\n<\/div>\n<\/div>\n<\/div>\n<\/div>\n<div id=\"cmsmasters_row_07aiq56p\" class=\"cmsmasters_row cmsmasters_color_scheme_default cmsmasters_row_top_default cmsmasters_row_bot_default cmsmasters_row_boxed\">\n<div class=\"cmsmasters_row_outer_parent\">\n<div class=\"cmsmasters_row_outer\">\n<div class=\"cmsmasters_row_inner\">\n<div class=\"cmsmasters_row_margin\">\n<div id=\"cmsmasters_column_dtjuo0dr5r\" class=\"cmsmasters_column one_half\">\n<div class=\"cmsmasters_column_inner\"><div id=\"cmsmasters_heading_yj2bh8arp9\" class=\"cmsmasters_heading_wrap cmsmasters_heading_align_left\">\n\t<h3 class=\"cmsmasters_heading\">Como fazer<\/h3>\n<\/div><ul id=\"cmsmasters_icon_list_items_i3m1a9kurf\" class=\"cmsmasters_icon_list_items cmsmasters_icon_list_type_block cmsmasters_icon_list_pos_left cmsmasters_color_type_border cmsmasters_icon_list_icon_type_number\"><li id=\"cmsmasters_icon_list_item_fatg5ph10j\" class=\"cmsmasters_icon_list_item\">\n<div class=\"cmsmasters_icon_list_item_inner\">\n<div class=\"cmsmasters_icon_list_icon_wrap\">\n<span class=\"cmsmasters_icon_list_icon \"><\/span>\n<\/div>\n<div class=\"cmsmasters_icon_list_item_content\">\n<h4 class=\"cmsmasters_icon_list_item_title\"><a href=\"https:\/\/culturas.cc\/registro\/\">Perfil no site<\/a><\/h4>\n<div class=\"cmsmasters_icon_list_item_text\">\n<p><a href=\"https:\/\/culturas.cc\/registro\/\" target=\"_blank\" rel=\"noopener noreferrer\">Clique aqui<\/a> e crie\/entre no seu perfil na Rede Culturas.CC. Em seguida, volte para esta p\u00e1gina e avance para a etapa 2.<\/p>\n<\/div>\n<\/div>\n<\/div>\n<\/li><li id=\"cmsmasters_icon_list_item_f9eb1kzfie\" class=\"cmsmasters_icon_list_item\">\n<div class=\"cmsmasters_icon_list_item_inner\">\n<div class=\"cmsmasters_icon_list_icon_wrap\">\n<span class=\"cmsmasters_icon_list_icon \"><\/span>\n<\/div>\n<div class=\"cmsmasters_icon_list_item_content\">\n<h4 class=\"cmsmasters_icon_list_item_title\"><a href=\"https:\/\/culturas.cc\/grupos\/\">Vincule-se ao seu Grupo!<\/a><\/h4>\n<div class=\"cmsmasters_icon_list_item_text\">\n<p><a href=\"https:\/\/culturas.cc\/grupos\/\" target=\"_blank\" rel=\"noopener noreferrer\">Clique aqui<\/a> e\u00a0 vincule-se \u00e0 p\u00e1gina de cada GT que voc\u00ea tem resumo aprovado ou que deseja participar. Em seguida, volte para esta p\u00e1gina e avance para a etapa 3.<\/p>\n<\/div>\n<\/div>\n<\/div>\n<\/li><li id=\"cmsmasters_icon_list_item_2a0ply4e9r\" class=\"cmsmasters_icon_list_item\">\n<div class=\"cmsmasters_icon_list_item_inner\">\n<div class=\"cmsmasters_icon_list_icon_wrap\">\n<span class=\"cmsmasters_icon_list_icon \"><\/span>\n<\/div>\n<div class=\"cmsmasters_icon_list_item_content\">\n<h4 class=\"cmsmasters_icon_list_item_title\"><a href=\"https:\/\/culturas.cc\/congresso2020\/confirmar\/pagamento\/\">Pagamento \/ doa\u00e7\u00e3o<\/a><\/h4>\n<div class=\"cmsmasters_icon_list_item_text\">\n<p><a href=\"https:\/\/culturas.cc\/congresso2020\/confirmar\/pagamento\/\" target=\"_blank\" rel=\"noopener noreferrer\">Clique aqui<\/a> e fa\u00e7a o pagamento\/doa\u00e7\u00e3o. *Antes de efetuar o pagamento, por favor, leia as condi\u00e7\u00f5es ao lado.<\/p>\n<\/div>\n<\/div>\n<\/div>\n<\/li><\/ul>\n<\/div><\/div>\n<div id=\"cmsmasters_column_qwg923pt8i\" class=\"cmsmasters_column one_half\">\n<div class=\"cmsmasters_column_inner\"><div id=\"cmsmasters_heading_1y6vf5eqy2\" class=\"cmsmasters_heading_wrap cmsmasters_heading_align_left\">\n\t<h3 class=\"cmsmasters_heading\">Leia-me<\/h3>\n<\/div><div class=\"cmsmasters_text\">\n<p>O VI Congresso Internacional Sobre Culturas &#8211; edi\u00e7\u00e3o online &#8211; \u00e9\u00a0aberto ao p\u00fablico gratuitamente.<\/p>\n<p><strong>Voc\u00ea s\u00f3 deve pagar nas seguintes condi\u00e7\u00f5es:<\/strong><\/p>\n<ul>\n<li>Se voc\u00ea teve trabalho aprovado para apresenta\u00e7\u00e3o, inclusive em co-autoria (<a href=\"https:\/\/culturas.cc\/congresso2020\/resultado-dos-gts\/\">confira aqui a rela\u00e7\u00e3o de aprovados<\/a>);<\/li>\n<li>Se voc\u00ea n\u00e3o submeteu trabalho mas deseja obter certificado de participa\u00e7\u00e3o como ouvinte (CH: 30 horas);<\/li>\n<li>Se voc\u00ea deseja contribuir com os custos da organiza\u00e7\u00e3o do evento;<\/li>\n<\/ul>\n<p><strong>Destacamos que a contribui\u00e7\u00e3o \u00e9 fundamental \u00e0 organiza\u00e7\u00e3o do evento pela Rede de Universidades de Estudos das Culturas, sendo nossa principal forma de financiamento.<\/strong><\/p>\n<p><strong>O valor da inscri\u00e7\u00e3o, em car\u00e1ter de doa\u00e7\u00e3o, \u00e9 livre, cabendo a cada participante a decis\u00e3o pela contribui\u00e7\u00e3o.<\/strong> Nossa sugest\u00e3o de valores est\u00e1 de acordo com a modalidade (caso opte por doar um valor diferente, o sistema PayPal ir\u00e1 disponibilizar o campo).<\/p>\n<p>Agradecemos!<br \/>\n<em>Equipe do Culturas.CC<\/em><\/p>\n<\/div>\n<\/div><\/div>\n<\/div>\n<\/div>\n<\/div>\n<\/div>\n<\/div>\n<div id=\"cmsmasters_row_p0orx6qtod\" class=\"cmsmasters_row cmsmasters_color_scheme_default cmsmasters_row_top_default cmsmasters_row_bot_default cmsmasters_row_boxed\">\n<div class=\"cmsmasters_row_outer_parent\">\n<div class=\"cmsmasters_row_outer\">\n<div class=\"cmsmasters_row_inner\">\n<div class=\"cmsmasters_row_margin\">\n<div id=\"cmsmasters_column_0b3h6nvtta\" class=\"cmsmasters_column one_first\">\n<div class=\"cmsmasters_column_inner\"><\/div><\/div>\n<\/div>\n<\/div>\n<\/div>\n<\/div>\n<\/div>\n\n","protected":false},"excerpt":{"rendered":"","protected":false},"author":1,"featured_media":0,"parent":0,"menu_order":0,"comment_status":"closed","ping_status":"closed","template":"","meta":{"_bbp_topic_count":0,"_bbp_reply_count":0,"_bbp_total_topic_count":0,"_bbp_total_reply_count":0,"_bbp_voice_count":0,"_bbp_anonymous_reply_count":0,"_bbp_topic_count_hidden":0,"_bbp_reply_count_hidden":0,"_bbp_forum_subforum_count":0,"footnotes":""},"class_list":["post-16191","page","type-page","status-publish","hentry"],"jetpack_sharing_enabled":true,"_links":{"self":[{"href":"https:\/\/culturas.cc\/congresso2020\/wp-json\/wp\/v2\/pages\/16191","targetHints":{"allow":["GET"]}}],"collection":[{"href":"https:\/\/culturas.cc\/congresso2020\/wp-json\/wp\/v2\/pages"}],"about":[{"href":"https:\/\/culturas.cc\/congresso2020\/wp-json\/wp\/v2\/types\/page"}],"author":[{"embeddable":true,"href":"https:\/\/culturas.cc\/congresso2020\/wp-json\/wp\/v2\/users\/1"}],"replies":[{"embeddable":true,"href":"https:\/\/culturas.cc\/congresso2020\/wp-json\/wp\/v2\/comments?post=16191"}],"version-history":[{"count":87,"href":"https:\/\/culturas.cc\/congresso2020\/wp-json\/wp\/v2\/pages\/16191\/revisions"}],"predecessor-version":[{"id":17151,"href":"https:\/\/culturas.cc\/congresso2020\/wp-json\/wp\/v2\/pages\/16191\/revisions\/17151"}],"wp:attachment":[{"href":"https:\/\/culturas.cc\/congresso2020\/wp-json\/wp\/v2\/media?parent=16191"}],"curies":[{"name":"wp","href":"https:\/\/api.w.org\/{rel}","templated":true}]}}