{"id":15738,"date":"2020-09-23T23:55:26","date_gmt":"2020-09-24T02:55:26","guid":{"rendered":"https:\/\/culturas.cc\/congresso2020\/?page_id=15738"},"modified":"2020-10-28T23:50:12","modified_gmt":"2020-10-29T02:50:12","slug":"envio-de-trabalhos","status":"publish","type":"page","link":"https:\/\/culturas.cc\/congresso2020\/envio-de-trabalhos\/","title":{"rendered":"Envio de Trabalhos"},"content":{"rendered":"<div id=\"cmsmasters_row_ghz5bvao\" class=\"cmsmasters_row cmsmasters_color_scheme_default cmsmasters_row_top_default cmsmasters_row_bot_default cmsmasters_row_boxed\">\n<div id=\"trabalhos-1\" class=\"cmsmasters_row_outer_parent\">\n<div class=\"cmsmasters_row_outer\">\n<div class=\"cmsmasters_row_inner\">\n<div class=\"cmsmasters_row_margin\">\n<div id=\"cmsmasters_column_7kgzbecx3\" class=\"cmsmasters_column two_third\">\n<div class=\"cmsmasters_column_inner\"><div id=\"cmsmasters_heading_71z5q4z2y\" class=\"cmsmasters_heading_wrap cmsmasters_heading_align_left\">\n\t<h5 class=\"cmsmasters_heading\">Envio de trabalhos<\/h5>\n<\/div><div class=\"cmsmasters_text\">\n<h2 style=\"text-align: center;\"><span style=\"color: #ff0000;\">PRAZO ENCERRADO<\/span><\/h2>\n<hr \/>\n<p>&nbsp;<\/p>\n<\/div>\n<div id=\"cmsmasters_heading_ik1wjq9l3\" class=\"cmsmasters_heading_wrap cmsmasters_heading_align_left\">\n\t<h2 class=\"cmsmasters_heading\">Comunica\u00e7\u00f5es<\/h2>\n<\/div><div class=\"cmsmasters_text\">\n<p>As propostas de comunica\u00e7\u00e3o para o congresso dever\u00e3o ser coletivas, no formato de mesa, induzindo pesquisadores, estudantes e professores ao trabalho compartilhado. Os grupos foram constitu\u00eddos a partir de macrotemas, considerando a necessidade de integra\u00e7\u00e3o dos debates no ambiente digital.<\/p>\n<\/div>\n<div id=\"cmsmasters_divider_9i9107dfqe\" class=\"cmsmasters_divider cmsmasters_divider_width_long cmsmasters_divider_pos_center\"><\/div>\n<ul id=\"cmsmasters_icon_list_items_jm4l84hmrt\" class=\"cmsmasters_icon_list_items cmsmasters_icon_list_type_block cmsmasters_icon_list_pos_left cmsmasters_color_type_border\"><li id=\"cmsmasters_icon_list_item_f1u9l6f33w\" class=\"cmsmasters_icon_list_item cmsmasters_icon_type_image\">\n<div class=\"cmsmasters_icon_list_item_inner\">\n<div class=\"cmsmasters_icon_list_icon_wrap\">\n<span class=\"cmsmasters_icon_list_icon \"><\/span>\n<\/div>\n<div class=\"cmsmasters_icon_list_item_content\">\n<h4 class=\"cmsmasters_icon_list_item_title\">GT1 - Cultura, Pol\u00edtica, Democracia e Combate a Desigualdades e Opress\u00f5es<\/h4>\n<div class=\"cmsmasters_icon_list_item_text\">\n<p>Este grupo ir\u00e1 discutir os aspectos da pol\u00edtica e da democracia, bem como os recentes movimentos antirracistas que, por meio da cultura, podem contribuir com pr\u00e1ticas visando \u00e0 preserva\u00e7\u00e3o de direitos e liberdades e \u00e0 plena conviv\u00eancia entre os povos. Ir\u00e1 tratar, ainda, dos diversos processos que afetam a cultura, as pol\u00edticas p\u00fablicas e as dimens\u00f5es \u00e9ticas do poder nas sociedades contempor\u00e2neas.<\/p>\n<p>Coordena\u00e7\u00e3o: Albino Rubim (UFBA), Jos\u00e9 Rosa (UBI), Rita Arag\u00e3o (UFBA), Rosa Cabecinhas (UMinho) e Urbano Sidoncha (UBI)<\/p>\n<\/div>\n<\/div>\n<\/div>\n<\/li><li id=\"cmsmasters_icon_list_item_cpgyj98oxq\" class=\"cmsmasters_icon_list_item cmsmasters_icon_type_image\">\n<div class=\"cmsmasters_icon_list_item_inner\">\n<div class=\"cmsmasters_icon_list_icon_wrap\">\n<span class=\"cmsmasters_icon_list_icon \"><\/span>\n<\/div>\n<div class=\"cmsmasters_icon_list_item_content\">\n<h4 class=\"cmsmasters_icon_list_item_title\">GT2 - Diversidade Cultural, Direitos, G\u00eanero e Sexualidades<\/h4>\n<div class=\"cmsmasters_icon_list_item_text\">\n<p>Este grupo pretende oferecer um panorama da diversidade nos \u00e2mbitos da cultura e suas transversalidades, sobretudo as tem\u00e1ticas de g\u00eanero e sexualidade. Assim, a compreens\u00e3o da diversidade cultural possui uma centralidade enquanto elemento essencial ao estudo das culturas, considerando os movimentos pelos direitos LGBTQIA+, as pol\u00edticas p\u00f3s-i dentit\u00e1rias e constru\u00e7\u00f5es medi\u00e1ticas ou contra hegem\u00f4nicas das feminilidades e masculinidades.<\/p>\n<p>Coordena\u00e7\u00e3o: Leandro Colling (UFBA), Linda Rubim (UFBA), Martins Mapera (UZ), S\u00f3nia S\u00e1 (UBI) e Zara Pinto-Coelho (UMinho)<\/p>\n<\/div>\n<\/div>\n<\/div>\n<\/li><li id=\"cmsmasters_icon_list_item_3cu6d0oni\" class=\"cmsmasters_icon_list_item cmsmasters_icon_type_image\">\n<div class=\"cmsmasters_icon_list_item_inner\">\n<div class=\"cmsmasters_icon_list_icon_wrap\">\n<span class=\"cmsmasters_icon_list_icon \"><\/span>\n<\/div>\n<div class=\"cmsmasters_icon_list_item_content\">\n<h4 class=\"cmsmasters_icon_list_item_title\">GT3 - Cultura, Desenvolvimento, Redes e Tecnologias<\/h4>\n<div class=\"cmsmasters_icon_list_item_text\">\n<p>Este grupo de trabalho est\u00e1 orientado ao estudo dos processos econ\u00f4micos, tecnol\u00f3gicos e sociais que constituem os fen\u00f4menos culturais das redes. A &#8220;culturaliza\u00e7\u00e3o&#8221; de tais processos demonstra, por um lado, uma tentativa de responsabiliza\u00e7\u00e3o da cultura para al\u00e9m dos seus tradicionais vetores identit\u00e1rios e de integra\u00e7\u00e3o social. Por outro, um amplo esfor\u00e7o de conjugar, por meio da cultura, o desenvolvimento e a justi\u00e7a social. Assim, os trabalhos devem contemplar um arco de an\u00e1lise que vai da economia da cultura \u00e0s redes digitais.<\/p>\n<p>Coordena\u00e7\u00e3o: Adriano Sampaio (UFBA), Jo\u00e3o Correia (UBI), Jos\u00e9 Roberto Severino (UFBA), Madalena Oliveira (UMinho), Messias Guimar\u00e3es Bandeira (UFBA)\u00a0 e Paulo Miguez (UFBA)<\/p>\n<\/div>\n<\/div>\n<\/div>\n<\/li><li id=\"cmsmasters_icon_list_item_c4v24tkuvb\" class=\"cmsmasters_icon_list_item cmsmasters_icon_type_image\">\n<div class=\"cmsmasters_icon_list_item_inner\">\n<div class=\"cmsmasters_icon_list_icon_wrap\">\n<span class=\"cmsmasters_icon_list_icon \"><\/span>\n<\/div>\n<div class=\"cmsmasters_icon_list_item_content\">\n<h4 class=\"cmsmasters_icon_list_item_title\">GT4 - Cultura, Ci\u00eancia, Sa\u00fade, Modos de Vida e Consumo<\/h4>\n<div class=\"cmsmasters_icon_list_item_text\">\n<p>Este grupo ir\u00e1 oferecer um panorama da produ\u00e7\u00e3o de conhecimento e da cultura considerando o contexto de sa\u00fade p\u00fablica a partir da emerg\u00eancia da pandemia por Covid-19. Ser\u00e3o priorizados os trabalhos dedicados aos novos modos de conviv\u00eancia, cuidado e processos de redefini\u00e7\u00e3o do consumo num contexto de ressignifica\u00e7\u00e3o da vida e dos afetos.<\/p>\n<p>Coordena\u00e7\u00e3o: Andr\u00e9 Bonfim (UFOB), Anna Palacios (UFBA), Catarina Moura (UBI), Em\u00edlia Ara\u00fajo (UMinho) e Ivone Ferreira (UNL)<\/p>\n<\/div>\n<\/div>\n<\/div>\n<\/li><li id=\"cmsmasters_icon_list_item_ioj6gxygzq\" class=\"cmsmasters_icon_list_item cmsmasters_icon_type_image\">\n<div class=\"cmsmasters_icon_list_item_inner\">\n<div class=\"cmsmasters_icon_list_icon_wrap\">\n<span class=\"cmsmasters_icon_list_icon \"><\/span>\n<\/div>\n<div class=\"cmsmasters_icon_list_item_content\">\n<h4 class=\"cmsmasters_icon_list_item_title\">GT5 - Cultura, Comunica\u00e7\u00e3o, Artes, Sensibilidade e Saberes Populares<\/h4>\n<div class=\"cmsmasters_icon_list_item_text\">\n<p>O grupo de trabalho pretende destacar as rela\u00e7\u00f5es entre cultura, processos comunicacionais, est\u00e9ticos e art\u00edsticos, refletindo a transversalidade da cultura e da ecologia dos saberes nas sociedades contempor\u00e2neas. Neste sentido, fazem parte do repert\u00f3rio os debates atuais sobre a dimens\u00e3o do sens\u00edvel nas variantes art\u00edsticas e as experi\u00eancias ampliadas pelas diversas formas de express\u00e3o cultural.<\/p>\n<p>Coordena\u00e7\u00e3o: Edilene Matos (UFBA), Francisco Paiva (UBI), Idalina Sidoncha (UBI), Renata Pitombo (UFRB) e Rita Ribeiro (UMinho)<\/p>\n<\/div>\n<\/div>\n<\/div>\n<\/li><\/ul>\n<\/div><\/div>\n<div id=\"cmsmasters_column_r1oh9sf1fi\" class=\"cmsmasters_column one_third\">\n<div class=\"cmsmasters_column_inner\"><div id=\"cmsmasters_heading_7fi1az48j8\" class=\"cmsmasters_heading_wrap cmsmasters_heading_align_left cmsmasters_heading_divider_short\">\n\t<h2 class=\"cmsmasters_heading\">Formul\u00e1rio de Envio<\/h2>\n<span class=\"cmsmasters_heading_divider_right_wrap\"><span class=\"cmsmasters_heading_divider cmsmasters_heading_divider_right\"><\/span><\/span>\n<\/div><div class=\"cmsmasters_text\">\n<p>Cada proposta de mesa para os grupos de trabalho deve ter de 3 a 5 autores, e os resumos devem conter at\u00e9 500 palavras. Os resumos podem ser enviados em Portugu\u00eas, Espanhol, Ingl\u00eas ou Franc\u00eas.<\/p>\n<\/div>\n<div class=\"cmsmasters_contact_form\">\n<div class=\"wpcf7 no-js\" id=\"wpcf7-f15860-o1\" lang=\"pt-BR\" dir=\"ltr\" data-wpcf7-id=\"15860\">\n<div class=\"screen-reader-response\"><p role=\"status\" aria-live=\"polite\" aria-atomic=\"true\"><\/p> <ul><\/ul><\/div>\n<form action=\"\/congresso2020\/wp-json\/wp\/v2\/pages\/15738#wpcf7-f15860-o1\" method=\"post\" class=\"wpcf7-form init\" aria-label=\"Formul\u00e1rios de contato\" enctype=\"multipart\/form-data\" novalidate=\"novalidate\" data-status=\"init\">\n<div style=\"display: none;\">\n<input type=\"hidden\" name=\"_wpcf7\" value=\"15860\" \/>\n<input type=\"hidden\" name=\"_wpcf7_version\" value=\"6.0.6\" \/>\n<input type=\"hidden\" name=\"_wpcf7_locale\" value=\"pt_BR\" \/>\n<input type=\"hidden\" name=\"_wpcf7_unit_tag\" value=\"wpcf7-f15860-o1\" \/>\n<input type=\"hidden\" name=\"_wpcf7_container_post\" value=\"0\" \/>\n<input type=\"hidden\" name=\"_wpcf7_posted_data_hash\" value=\"\" \/>\n<\/div>\n<p><label> Nome do(a) coordenador(a) da mesa<br \/>\n<span class=\"wpcf7-form-control-wrap\" data-name=\"your-name\"><input size=\"40\" maxlength=\"400\" class=\"wpcf7-form-control wpcf7-text wpcf7-validates-as-required\" aria-required=\"true\" aria-invalid=\"false\" value=\"\" type=\"text\" name=\"your-name\" \/><\/span> <\/label>\n<\/p>\n<p><label> e-mail<br \/>\n<span class=\"wpcf7-form-control-wrap\" data-name=\"your-email\"><input size=\"40\" maxlength=\"400\" class=\"wpcf7-form-control wpcf7-email wpcf7-validates-as-required wpcf7-text wpcf7-validates-as-email\" aria-required=\"true\" aria-invalid=\"false\" value=\"\" type=\"email\" name=\"your-email\" \/><\/span> <\/label>\n<\/p>\n<p><label> Titula\u00e7\u00e3o<br \/>\n<span class=\"wpcf7-form-control-wrap\" data-name=\"menu-158\"><select class=\"wpcf7-form-control wpcf7-select wpcf7-validates-as-required\" aria-required=\"true\" aria-invalid=\"false\" name=\"menu-158\"><option value=\"\">&#8212;Escolha uma op\u00e7\u00e3o&#8212;<\/option><option value=\"Estudante de p\u00f3s-gradua\u00e7\u00e3o (especializa\u00e7\u00e3o)\">Estudante de p\u00f3s-gradua\u00e7\u00e3o (especializa\u00e7\u00e3o)<\/option><option value=\"Estudante de p\u00f3s-gradua\u00e7\u00e3o (mestrado)\">Estudante de p\u00f3s-gradua\u00e7\u00e3o (mestrado)<\/option><option value=\"Estudante de p\u00f3s-gradua\u00e7\u00e3o (doutorado)\">Estudante de p\u00f3s-gradua\u00e7\u00e3o (doutorado)<\/option><option value=\"Mestre\">Mestre<\/option><option value=\"Doutor\">Doutor<\/option><\/select><\/span><\/label>\n<\/p>\n<p><label> Institui\u00e7\u00e3o onde estuda ou trabalha (opcional) <span class=\"wpcf7-form-control-wrap\" data-name=\"text-721\"><input size=\"40\" maxlength=\"400\" class=\"wpcf7-form-control wpcf7-text\" aria-invalid=\"false\" value=\"\" type=\"text\" name=\"text-721\" \/><\/span> <\/label>\n<\/p>\n<p><label> Demais participantes da mesa <\/label><br \/>\n<label> Participante 2 (obrigat\u00f3rio) <span class=\"wpcf7-form-control-wrap\" data-name=\"text-552\"><input size=\"40\" maxlength=\"400\" class=\"wpcf7-form-control wpcf7-text wpcf7-validates-as-required\" aria-required=\"true\" aria-invalid=\"false\" value=\"\" type=\"text\" name=\"text-552\" \/><\/span><\/label><br \/>\n<label> Participante 3 (obrigat\u00f3rio) <span class=\"wpcf7-form-control-wrap\" data-name=\"text-553\"><input size=\"40\" maxlength=\"400\" class=\"wpcf7-form-control wpcf7-text wpcf7-validates-as-required\" aria-required=\"true\" aria-invalid=\"false\" value=\"\" type=\"text\" name=\"text-553\" \/><\/span><\/label><br \/>\n<label> Participante 4 (se houver) <span class=\"wpcf7-form-control-wrap\" data-name=\"text-554\"><input size=\"40\" maxlength=\"400\" class=\"wpcf7-form-control wpcf7-text\" aria-invalid=\"false\" value=\"\" type=\"text\" name=\"text-554\" \/><\/span><\/label><br \/>\n<label> Participante 5 (se houver) <span class=\"wpcf7-form-control-wrap\" data-name=\"text-555\"><input size=\"40\" maxlength=\"400\" class=\"wpcf7-form-control wpcf7-text\" aria-invalid=\"false\" value=\"\" type=\"text\" name=\"text-555\" \/><\/span><\/label>\n<\/p>\n<p><label> Arquivo do Resumo (ou da mesa) <span class=\"wpcf7-form-control-wrap\" data-name=\"file-63\"><input size=\"40\" class=\"wpcf7-form-control wpcf7-file wpcf7-validates-as-required\" accept=\".doc,.docx,.odt\" aria-required=\"true\" aria-invalid=\"false\" type=\"file\" name=\"file-63\" \/><\/span> <\/label>\n<\/p>\n<p><label> T\u00edtulo do resumo (ou da mesa) <span class=\"wpcf7-form-control-wrap\" data-name=\"text-945\"><input size=\"40\" maxlength=\"400\" class=\"wpcf7-form-control wpcf7-text wpcf7-validates-as-required\" aria-required=\"true\" aria-invalid=\"false\" value=\"\" type=\"text\" name=\"text-945\" \/><\/span> <\/label>\n<\/p>\n<p><label> Grupo de Trabalho <span class=\"wpcf7-form-control-wrap\" data-name=\"menu-634\"><select class=\"wpcf7-form-control wpcf7-select wpcf7-validates-as-required\" aria-required=\"true\" aria-invalid=\"false\" name=\"menu-634\"><option value=\"\">&#8212;Escolha uma op\u00e7\u00e3o&#8212;<\/option><option value=\"GT1 - Cultura, Pol\u00edtica, Democracia e Combate a Desigualdades e Opress\u00f5es\">GT1 - Cultura, Pol\u00edtica, Democracia e Combate a Desigualdades e Opress\u00f5es<\/option><option value=\"GT2 - Diversidade Cultural, Direitos, G\u00eanero e Sexualidades\">GT2 - Diversidade Cultural, Direitos, G\u00eanero e Sexualidades<\/option><option value=\"GT3 - Cultura, Desenvolvimento, Redes e Tecnologias\">GT3 - Cultura, Desenvolvimento, Redes e Tecnologias<\/option><option value=\"GT4 - Cultura, Ci\u00eancia, Sa\u00fade, Modos de Vida e Consumo\">GT4 - Cultura, Ci\u00eancia, Sa\u00fade, Modos de Vida e Consumo<\/option><option value=\"GT5 - Cultura, Comunica\u00e7\u00e3o, Artes, Sensibilidade e Saberes Populares\">GT5 - Cultura, Comunica\u00e7\u00e3o, Artes, Sensibilidade e Saberes Populares<\/option><\/select><\/span> <\/label>\n<\/p>\n<p><label><span class=\"wpcf7-form-control-wrap\" data-name=\"acceptance-575\"><span class=\"wpcf7-form-control wpcf7-acceptance\"><span class=\"wpcf7-list-item\"><label><input type=\"checkbox\" name=\"acceptance-575\" value=\"1\" aria-invalid=\"false\" \/><span class=\"wpcf7-list-item-label\">Ciente que Participante com resumo aprovado (inclusive co-autores) deve efetuar o pagamento\/inscri\u00e7\u00e3o para apresenta\u00e7\u00e3o do trabalho e emiss\u00e3o de certificado;<\/span><\/label><\/span><\/span><\/span> <\/label>\n<\/p>\n<p><input class=\"wpcf7-form-control wpcf7-submit has-spinner\" type=\"submit\" value=\"Enviar\" \/>\n<\/p><p style=\"display: none !important;\" class=\"akismet-fields-container\" data-prefix=\"_wpcf7_ak_\"><label>&#916;<textarea name=\"_wpcf7_ak_hp_textarea\" cols=\"45\" rows=\"8\" maxlength=\"100\"><\/textarea><\/label><input type=\"hidden\" id=\"ak_js_1\" name=\"_wpcf7_ak_js\" value=\"247\"\/><script data-jetpack-boost=\"ignore\" data-jetpack-boost=\"ignore\" data-jetpack-boost=\"ignore\" data-jetpack-boost=\"ignore\">document.getElementById( \"ak_js_1\" ).setAttribute( \"value\", ( new Date() ).getTime() );<\/script><\/p><input type='hidden' class='wpcf7-pum' value='{\"closepopup\":false,\"closedelay\":0,\"openpopup\":false,\"openpopup_id\":0}' \/><div class=\"wpcf7-response-output\" aria-hidden=\"true\"><\/div>\n<\/form>\n<\/div>\n<\/div>\n<\/div><\/div>\n<\/div>\n<\/div>\n<\/div>\n<\/div>\n<\/div>\n<div id=\"cmsmasters_row_egmkzm66bt\" class=\"cmsmasters_row cmsmasters_color_scheme_default cmsmasters_row_top_default cmsmasters_row_bot_default cmsmasters_row_boxed\">\n<div id=\"trabalhos-1\" class=\"cmsmasters_row_outer_parent\">\n<div class=\"cmsmasters_row_outer\">\n<div class=\"cmsmasters_row_inner\">\n<div class=\"cmsmasters_row_margin\">\n<div id=\"cmsmasters_column_e6p0e2gt3q\" class=\"cmsmasters_column two_third\">\n<div class=\"cmsmasters_column_inner\"><div id=\"cmsmasters_heading_fqxw2b3z8l\" class=\"cmsmasters_heading_wrap cmsmasters_heading_align_left\">\n\t<h5 class=\"cmsmasters_heading\">Envio de trabalhos<\/h5>\n<\/div><div id=\"cmsmasters_heading_9xb9nla69\" class=\"cmsmasters_heading_wrap cmsmasters_heading_align_left\">\n\t<h2 class=\"cmsmasters_heading\">Outros formatos<\/h2>\n<\/div><div class=\"cmsmasters_text\">\n<p>O Congresso ir\u00e1 aceitar apresenta\u00e7\u00f5es art\u00edsticas e de produtos culturais, condicionadas ao ambiente online. Neste sentido a organiza\u00e7\u00e3o dever\u00e1 levar em considera\u00e7\u00e3o a viabilidade t\u00e9cnica e a pertin\u00eancia das propostas em rela\u00e7\u00e3o ao Congresso.<\/p>\n<\/div>\n<div id=\"cmsmasters_divider_74pzs774w\" class=\"cmsmasters_divider cmsmasters_divider_width_long cmsmasters_divider_pos_center\"><\/div>\n<ul id=\"cmsmasters_icon_list_items_ucskj59yja\" class=\"cmsmasters_icon_list_items cmsmasters_icon_list_type_block cmsmasters_icon_list_pos_left cmsmasters_color_type_border\"><li id=\"cmsmasters_icon_list_item_9heofq87eb\" class=\"cmsmasters_icon_list_item cmsmasters_icon_type_image\">\n<div class=\"cmsmasters_icon_list_item_inner\">\n<div class=\"cmsmasters_icon_list_icon_wrap\">\n<span class=\"cmsmasters_icon_list_icon \"><\/span>\n<\/div>\n<div class=\"cmsmasters_icon_list_item_content\">\n<h4 class=\"cmsmasters_icon_list_item_title\">Apresenta\u00e7\u00e3o de Livros, Revistas e Projetos<\/h4>\n<div class=\"cmsmasters_icon_list_item_text\">\n<p>A apresenta\u00e7\u00e3o de livros, revistas e projetos ter\u00e1 uma ampla acolhida, considerando a amplitude tem\u00e1tica da cultura. As propostas devem ser encaminhadas com as seguintes informa\u00e7\u00f5es: resumo de 250 palavras que apresente o livro, a revista ou o projeto; resumo biogr\u00e1fico de 150 palavras do(s) autor(es) ou respons\u00e1vel\/eis (formato: word); imagem \/ capa (formato: .jpg ou .png).<\/p>\n<\/div>\n<\/div>\n<\/div>\n<\/li><li id=\"cmsmasters_icon_list_item_1z5ekjx0pj\" class=\"cmsmasters_icon_list_item cmsmasters_icon_type_image\">\n<div class=\"cmsmasters_icon_list_item_inner\">\n<div class=\"cmsmasters_icon_list_icon_wrap\">\n<span class=\"cmsmasters_icon_list_icon \"><\/span>\n<\/div>\n<div class=\"cmsmasters_icon_list_item_content\">\n<h4 class=\"cmsmasters_icon_list_item_title\">Apresenta\u00e7\u00e3o Art\u00edsticas e Produtos Culturais<\/h4>\n<div class=\"cmsmasters_icon_list_item_text\">\n<p>O Congresso ir\u00e1 aceitar apresenta\u00e7\u00f5es art\u00edsticas e de produtos culturais, condicionadas ao ambiente online. Neste sentido a organiza\u00e7\u00e3o dever\u00e1 levar em considera\u00e7\u00e3o a viabilidade t\u00e9cnica e a pertin\u00eancia das propostas em rela\u00e7\u00e3o ao Congresso.<\/p>\n<\/div>\n<\/div>\n<\/div>\n<\/li><\/ul>\n<\/div><\/div>\n<div id=\"cmsmasters_column_ulj2liq33w\" class=\"cmsmasters_column one_third\">\n<div class=\"cmsmasters_column_inner\"><div id=\"cmsmasters_heading_dm1jfdjtw\" class=\"cmsmasters_heading_wrap cmsmasters_heading_align_left cmsmasters_heading_divider_short\">\n\t<h2 class=\"cmsmasters_heading\">Formul\u00e1rio de Envio<\/h2>\n<span class=\"cmsmasters_heading_divider_right_wrap\"><span class=\"cmsmasters_heading_divider cmsmasters_heading_divider_right\"><\/span><\/span>\n<\/div><div class=\"cmsmasters_text\">\n<p>A organiza\u00e7\u00e3o do VI Congresso poder\u00e1 entrar em contato com o(a) proponente para informa\u00e7\u00f5es complementares.<\/p>\n<\/div>\n<div class=\"cmsmasters_contact_form\">\n<div class=\"wpcf7 no-js\" id=\"wpcf7-f15872-o2\" lang=\"pt-BR\" dir=\"ltr\" data-wpcf7-id=\"15872\">\n<div class=\"screen-reader-response\"><p role=\"status\" aria-live=\"polite\" aria-atomic=\"true\"><\/p> <ul><\/ul><\/div>\n<form action=\"\/congresso2020\/wp-json\/wp\/v2\/pages\/15738#wpcf7-f15872-o2\" method=\"post\" class=\"wpcf7-form init\" aria-label=\"Formul\u00e1rios de contato\" enctype=\"multipart\/form-data\" novalidate=\"novalidate\" data-status=\"init\">\n<div style=\"display: none;\">\n<input type=\"hidden\" name=\"_wpcf7\" value=\"15872\" \/>\n<input type=\"hidden\" name=\"_wpcf7_version\" value=\"6.0.6\" \/>\n<input type=\"hidden\" name=\"_wpcf7_locale\" value=\"pt_BR\" \/>\n<input type=\"hidden\" name=\"_wpcf7_unit_tag\" value=\"wpcf7-f15872-o2\" \/>\n<input type=\"hidden\" name=\"_wpcf7_container_post\" value=\"0\" \/>\n<input type=\"hidden\" name=\"_wpcf7_posted_data_hash\" value=\"\" \/>\n<\/div>\n<p><label> Autor(a) Proponente<br \/>\n<span class=\"wpcf7-form-control-wrap\" data-name=\"your-name\"><input size=\"40\" maxlength=\"400\" class=\"wpcf7-form-control wpcf7-text wpcf7-validates-as-required\" aria-required=\"true\" aria-invalid=\"false\" value=\"\" type=\"text\" name=\"your-name\" \/><\/span> <\/label>\n<\/p>\n<p><label> e-mail<br \/>\n<span class=\"wpcf7-form-control-wrap\" data-name=\"your-email\"><input size=\"40\" maxlength=\"400\" class=\"wpcf7-form-control wpcf7-email wpcf7-validates-as-required wpcf7-text wpcf7-validates-as-email\" aria-required=\"true\" aria-invalid=\"false\" value=\"\" type=\"email\" name=\"your-email\" \/><\/span> <\/label>\n<\/p>\n<p><label> Arquivo do Resumo <span class=\"wpcf7-form-control-wrap\" data-name=\"file-23\"><input size=\"40\" class=\"wpcf7-form-control wpcf7-file wpcf7-validates-as-required\" accept=\".doc,.docx,.odt\" aria-required=\"true\" aria-invalid=\"false\" type=\"file\" name=\"file-23\" \/><\/span> <\/label>\n<\/p>\n<p><label> Imagem da capa (livro) <span class=\"wpcf7-form-control-wrap\" data-name=\"file-57\"><input size=\"40\" class=\"wpcf7-form-control wpcf7-file\" accept=\"audio\/*,video\/*,image\/*\" aria-invalid=\"false\" type=\"file\" name=\"file-57\" \/><\/span> <\/label>\n<\/p>\n<p><label> T\u00edtulo do Trabalho <span class=\"wpcf7-form-control-wrap\" data-name=\"text-245\"><input size=\"40\" maxlength=\"400\" class=\"wpcf7-form-control wpcf7-text wpcf7-validates-as-required\" aria-required=\"true\" aria-invalid=\"false\" value=\"\" type=\"text\" name=\"text-245\" \/><\/span> <\/label>\n<\/p>\n<p><label> Formato <span class=\"wpcf7-form-control-wrap\" data-name=\"menu-840\"><select class=\"wpcf7-form-control wpcf7-select wpcf7-validates-as-required\" aria-required=\"true\" aria-invalid=\"false\" name=\"menu-840\"><option value=\"\">&#8212;Escolha uma op\u00e7\u00e3o&#8212;<\/option><option value=\"Apresenta\u00e7\u00e3o de Livros, Revistas e Projetos\">Apresenta\u00e7\u00e3o de Livros, Revistas e Projetos<\/option><option value=\"Apresenta\u00e7\u00e3o Art\u00edsticas e Produtos Culturais\">Apresenta\u00e7\u00e3o Art\u00edsticas e Produtos Culturais<\/option><\/select><\/span><\/label>\n<\/p>\n<p><label><span class=\"wpcf7-form-control-wrap\" data-name=\"acceptance-275\"><span class=\"wpcf7-form-control wpcf7-acceptance\"><span class=\"wpcf7-list-item\"><label><input type=\"checkbox\" name=\"acceptance-275\" value=\"1\" aria-invalid=\"false\" \/><span class=\"wpcf7-list-item-label\">Ciente que n\u00e3o h\u00e1 cobran\u00e7a da taxa de inscri\u00e7\u00e3o para essa modalidade; aos aprovados, a organiza\u00e7\u00e3o n\u00e3o disp\u00f5e de recursos para arcar com os custos de produ\u00e7\u00e3o.<\/span><\/label><\/span><\/span><\/span> <\/label>\n<\/p>\n<p><input class=\"wpcf7-form-control wpcf7-submit has-spinner\" type=\"submit\" value=\"Enviar\" \/>\n<\/p><p style=\"display: none !important;\" class=\"akismet-fields-container\" data-prefix=\"_wpcf7_ak_\"><label>&#916;<textarea name=\"_wpcf7_ak_hp_textarea\" cols=\"45\" rows=\"8\" maxlength=\"100\"><\/textarea><\/label><input type=\"hidden\" id=\"ak_js_2\" name=\"_wpcf7_ak_js\" value=\"32\"\/><script data-jetpack-boost=\"ignore\" data-jetpack-boost=\"ignore\" data-jetpack-boost=\"ignore\" data-jetpack-boost=\"ignore\">document.getElementById( \"ak_js_2\" ).setAttribute( \"value\", ( new Date() ).getTime() );<\/script><\/p><input type='hidden' class='wpcf7-pum' value='{\"closepopup\":false,\"closedelay\":0,\"openpopup\":false,\"openpopup_id\":0}' \/><div class=\"wpcf7-response-output\" aria-hidden=\"true\"><\/div>\n<\/form>\n<\/div>\n<\/div>\n<\/div><\/div>\n<\/div>\n<\/div>\n<\/div>\n<\/div>\n<\/div>\n\n","protected":false},"excerpt":{"rendered":"","protected":false},"author":1,"featured_media":0,"parent":0,"menu_order":0,"comment_status":"closed","ping_status":"closed","template":"","meta":{"_bbp_topic_count":0,"_bbp_reply_count":0,"_bbp_total_topic_count":0,"_bbp_total_reply_count":0,"_bbp_voice_count":0,"_bbp_anonymous_reply_count":0,"_bbp_topic_count_hidden":0,"_bbp_reply_count_hidden":0,"_bbp_forum_subforum_count":0,"footnotes":""},"class_list":["post-15738","page","type-page","status-publish","hentry"],"jetpack_sharing_enabled":true,"_links":{"self":[{"href":"https:\/\/culturas.cc\/congresso2020\/wp-json\/wp\/v2\/pages\/15738","targetHints":{"allow":["GET"]}}],"collection":[{"href":"https:\/\/culturas.cc\/congresso2020\/wp-json\/wp\/v2\/pages"}],"about":[{"href":"https:\/\/culturas.cc\/congresso2020\/wp-json\/wp\/v2\/types\/page"}],"author":[{"embeddable":true,"href":"https:\/\/culturas.cc\/congresso2020\/wp-json\/wp\/v2\/users\/1"}],"replies":[{"embeddable":true,"href":"https:\/\/culturas.cc\/congresso2020\/wp-json\/wp\/v2\/comments?post=15738"}],"version-history":[{"count":48,"href":"https:\/\/culturas.cc\/congresso2020\/wp-json\/wp\/v2\/pages\/15738\/revisions"}],"predecessor-version":[{"id":16132,"href":"https:\/\/culturas.cc\/congresso2020\/wp-json\/wp\/v2\/pages\/15738\/revisions\/16132"}],"wp:attachment":[{"href":"https:\/\/culturas.cc\/congresso2020\/wp-json\/wp\/v2\/media?parent=15738"}],"curies":[{"name":"wp","href":"https:\/\/api.w.org\/{rel}","templated":true}]}}