{"id":14859,"date":"2018-07-06T12:46:09","date_gmt":"2018-07-06T12:46:09","guid":{"rendered":"http:\/\/demo.galleria-metropolia.cmsmasters.net\/?page_id=14859"},"modified":"2020-09-29T16:04:12","modified_gmt":"2020-09-29T19:04:12","slug":"politica-de-privacidade","status":"publish","type":"page","link":"https:\/\/culturas.cc\/congresso2020\/politica-de-privacidade\/","title":{"rendered":"Pol\u00edtica de privacidade"},"content":{"rendered":"<div id=\"cmsmasters_row_\" class=\"cmsmasters_row cmsmasters_color_scheme_default cmsmasters_row_top_default cmsmasters_row_bot_default cmsmasters_row_boxed\">\n<div class=\"cmsmasters_row_outer_parent\">\n<div class=\"cmsmasters_row_outer\">\n<div class=\"cmsmasters_row_inner\">\n<div class=\"cmsmasters_row_margin\">\n<div id=\"cmsmasters_column_\" class=\"cmsmasters_column one_first\">\n<div class=\"cmsmasters_column_inner\"><div class=\"cmsmasters_text\">\n<h2><\/h2>\n<h2>Quem somos<\/h2>\n<p>Somos uma rede de pesquisadores e entusiastas da cultura, sem fins lucrativos, formada entre pa\u00edses de l\u00edngua portuguesa a partir das seguintes universidades p\u00fablicas: Universidade da Beira Interior (Portugal); Universidade Federal da Bahia (Brasil); Universidade do Minho (Portugal); Universidade Federal do Rec\u00f4ncavo da Bahia (Brasil); Universidade Zambeze (Mo\u00e7ambique). O endere\u00e7o do nosso site \u00e9: https:\/\/culturas.cc\/<\/p>\n<\/p>\n<h2 class=\"wp-block-heading\">Quais dados pessoais coletamos e porque<\/h2>\n<h3 class=\"wp-block-heading\">Coment\u00e1rios<\/h3>\n<p>Quando os visitantes deixam coment\u00e1rios no site, coletamos os dados mostrados no formul\u00e1rio de coment\u00e1rios, al\u00e9m do endere\u00e7o de IP e de dados do navegador do visitante, para auxiliar na detec\u00e7\u00e3o de spam. Uma sequ\u00eancia anonimizada de caracteres criada a partir do seu e-mail (tamb\u00e9m chamada de hash) poder\u00e1 ser enviada para o Gravatar para verificar se voc\u00ea usa o servi\u00e7o. A pol\u00edtica de privacidade do Gravatar est\u00e1 dispon\u00edvel aqui: https:\/\/automattic.com\/privacy\/. Depois da aprova\u00e7\u00e3o do seu coment\u00e1rio, a foto do seu perfil fica vis\u00edvel publicamente junto de seu coment\u00e1rio.<\/p>\n<\/p>\n<h3 class=\"wp-block-heading\">M\u00eddia<\/h3>\n<p>Se voc\u00ea envia imagens para o site, evite enviar as que contenham dados de localiza\u00e7\u00e3o incorporados (EXIF GPS). Visitantes podem baixar estas imagens do site e extrair delas seus dados de localiza\u00e7\u00e3o.<\/p>\n<\/p>\n<h3 class=\"wp-block-heading\">Formul\u00e1rios de Contato<\/h3>\n<p>Utilizamos o plugin Contact Form 7. Os dados solicitados em nossos formul\u00e1rios se referem a submiss\u00e3o de artigos cient\u00edficos e, portanto, demandam informa\u00e7\u00f5es relacionadas a autoria e vincula\u00e7\u00e3o institucional. A pol\u00edtica de privacidade do Contact Form 7 est\u00e1 dispon\u00edvel <a href=\"https:\/\/contactform7.com\/privacy-policy\/\">aqui<\/a>.<\/p>\n<\/p>\n<h3 class=\"wp-block-heading\">Cookies<\/h3>\n<p>Ao deixar um coment\u00e1rio no site, voc\u00ea poder\u00e1 optar por salvar seu nome, e-mail e site nos cookies. Isso visa seu conforto, assim voc\u00ea n\u00e3o precisar\u00e1 preencher seus dados novamente quando fizer outro coment\u00e1rio. Estes cookies duram um ano. Se voc\u00ea tem uma conta e acessa este site, um cookie tempor\u00e1rio ser\u00e1 criado para determinar se seu navegador aceita cookies. Ele n\u00e3o cont\u00e9m nenhum dado pessoal e ser\u00e1 descartado quando voc\u00ea fechar seu navegador. Quando voc\u00ea acessa sua conta no site, tamb\u00e9m criamos v\u00e1rios cookies para salvar os dados da sua conta e suas escolhas de exibi\u00e7\u00e3o de tela. Cookies de login s\u00e3o mantidos por dois dias e cookies de op\u00e7\u00f5es de tela por um ano. Se voc\u00ea selecionar &#8220;Lembrar-me&#8221;, seu acesso ser\u00e1 mantido por duas semanas. Se voc\u00ea se desconectar da sua conta, os cookies de login ser\u00e3o removidos. Se voc\u00ea editar ou publicar um artigo, um cookie adicional ser\u00e1 salvo no seu navegador. Este cookie n\u00e3o inclui nenhum dado pessoal e simplesmente indica o ID do post referente ao artigo que voc\u00ea acabou de editar. Ele expira depois de 1 dia.<\/p>\n<\/p>\n<\/p>\n<h3 class=\"wp-block-heading\">M\u00eddia incorporada de outros sites<\/h3>\n<p>Artigos neste site podem incluir conte\u00fado incorporado como, por exemplo, v\u00eddeos, imagens, artigos, etc. Conte\u00fados incorporados de outros sites se comportam exatamente da mesma forma como se o visitante estivesse visitando o outro site.Estes sites podem coletar dados sobre voc\u00ea, usar cookies, incorporar rastreamento adicional de terceiros e monitorar sua intera\u00e7\u00e3o com este conte\u00fado incorporado, incluindo sua intera\u00e7\u00e3o com o conte\u00fado incorporado se voc\u00ea tem uma conta e est\u00e1 conectado com o site.<\/p>\n<\/p>\n<h3 class=\"wp-block-heading\">An\u00e1lises<\/h3>\n<p class=\"privacy-policy-tutorial\">Utilizamos o servi\u00e7o de an\u00e1lise e monitoramento de site Jetpack for WordPress. A pol\u00edtica de privacidade do Jetpack for WordPress pode est\u00e1 dispon\u00edvel <a href=\"https:\/\/jetpack.com\/support\/privacy\/\">aqui<\/a>.<\/p>\n<\/p>\n<h3 class=\"wp-block-heading\">Com quem partilhamos seus dados<\/h3>\n<p>Somos uma rede formada por universidades p\u00fablicas, sem fins lucrativos. N\u00e3o compartilhamos quaisquer dados pessoais.<\/p>\n<\/p>\n<h3 class=\"wp-block-heading\">Por quanto tempo mantemos os seus dados<\/h3>\n<p>Se voc\u00ea deixar um coment\u00e1rio, o coment\u00e1rio e os seus metadados s\u00e3o conservados indefinidamente. Fazemos isso para que seja poss\u00edvel reconhecer e aprovar automaticamente qualquer coment\u00e1rio posterior ao inv\u00e9s de ret\u00ea-lo para modera\u00e7\u00e3o. Para usu\u00e1rios que se registram no nosso site, tamb\u00e9m guardamos as informa\u00e7\u00f5es pessoais que fornecem no seu perfil de usu\u00e1rio. Todos os usu\u00e1rios podem ver, editar ou excluir suas informa\u00e7\u00f5es pessoais a qualquer momento (s\u00f3 n\u00e3o \u00e9 poss\u00edvel alterar o seu username). Os administradores de sites tamb\u00e9m podem ver e editar estas informa\u00e7\u00f5es.<\/p>\n<\/p>\n<h3 class=\"wp-block-heading\">Quais os seus direitos sobre seus dados<\/h3>\n<p>Se voc\u00ea tiver uma conta neste site ou se tiver deixado coment\u00e1rios, pode solicitar um arquivo exportado dos dados pessoais que mantemos sobre voc\u00ea, inclusive quaisquer dados que nos tenha fornecido. Tamb\u00e9m pode solicitar que removamos qualquer dado pessoal que mantemos sobre voc\u00ea. Isto n\u00e3o inclui nenhuns dados que somos obrigados a manter para prop\u00f3sitos administrativos, legais ou de seguran\u00e7a.<\/p>\n<\/p>\n<h3 class=\"wp-block-heading\">Para onde enviamos seus dados<\/h3>\n<p>Coment\u00e1rios de visitantes podem ser marcados por um servi\u00e7o autom\u00e1tico de detec\u00e7\u00e3o de spam. Os dados desse site est\u00e3o hospedados no servidor web Hostgator. A pol\u00edtica de privacidade est\u00e1 dispon\u00edvel <a href=\"https:\/\/endurance.clarip.com\/privacycenter\/?brand=hostgator_br\">aqui<\/a>.<\/p>\n<\/p>\n<h3 class=\"wp-block-heading\">Suas informa\u00e7\u00f5es de contato<\/h3>\n<p>Voc\u00ea pode entrar em contato com <a href=\"mailto:rede@culturas.cc\">rede@culturas.cc<\/a><\/p>\n<\/p>\n<h3 class=\"wp-block-heading\">Informa\u00e7\u00f5es adicionais<\/h3>\n<p>Really Simple SSL e seus complementos n\u00e3o processam qualquer informa\u00e7\u00e3o pessoal, portanto, o GDPR n\u00e3o se aplica a estes plugins ou uso desses plugins em seu site. Voc\u00ea pode encontrar nossa pol\u00edtica de privacidade <a href=\"https:\/\/really-simple-ssl.com\/privacy-statement\/\" target=\"_blank\" rel=\"noopener noreferrer\">aqui<\/a>.<\/p>\n<h2>Buddypress<\/h2>\n<h3>Dados do perfil<\/h3>\n<p>Ao se registrar no site, voc\u00ea pode ser solicitado a fornecer determinados dados pessoais para exibi\u00e7\u00e3o no seu perfil. O campo &#8220;Nome&#8221; \u00e9 obrigat\u00f3rio e tamb\u00e9m p\u00fablico, e os perfis de usu\u00e1rio s\u00e3o vis\u00edveis para qualquer visitante do site. Outras informa\u00e7\u00f5es de perfil podem ser necess\u00e1rias ou opcionais, conforme configurado pelo administrador do site.As informa\u00e7\u00f5es do usu\u00e1rio fornecidas durante o registro da conta podem ser modificadas ou removidas no painel Perfil &gt; Editar. Na maioria dos casos, os usu\u00e1rios tamb\u00e9m t\u00eam controle sobre quem pode exibir uma parte espec\u00edfica do conte\u00fado do perfil, limitando a visibilidade campo a campo apenas a amigos, usu\u00e1rios conectados ou administradores. Os administradores do site podem ler e editar todos os dados do perfil para todos os usu\u00e1rios.<\/p>\n<h3>Atividade<\/h3>\n<p>Este site registra determinadas a\u00e7\u00f5es do usu\u00e1rio, na forma de dados de &#8220;atividade&#8221;. A atividade inclui atualiza\u00e7\u00f5es e coment\u00e1rios postados diretamente nos fluxos de atividades, bem como descri\u00e7\u00f5es de outras a\u00e7\u00f5es executadas durante o uso do site, como novas amizades, grupos rec\u00e9m-ingressados \u200b\u200be atualiza\u00e7\u00f5es de perfil. O conte\u00fado dos itens de atividade obedece \u00e0s mesmas regras de privacidade que os contextos nos quais os itens de atividade s\u00e3o criados. Por exemplo, as atualiza\u00e7\u00f5es de atividades criadas no perfil de um usu\u00e1rio s\u00e3o vis\u00edveis publicamente, enquanto os itens de atividades gerados em um grupo privado s\u00e3o vis\u00edveis apenas para os membros desse grupo. Os administradores do site podem visualizar todos os itens de atividade, independentemente do contexto. Atividades podem ser exclu\u00eddas a qualquer momento por usu\u00e1rios que as criaram. Administradores do site podem editar todas as atividades.<\/p>\n<h3>Cookies<\/h3>\n<p>N\u00f3s usamos cookies em diret\u00f3rios de grupo, membro e atividade para acompanhar as prefer\u00eancias de navega\u00e7\u00e3o do usu\u00e1rio. Estas prefer\u00eancias incluem os \u00faltimos valores selecionados para filtrar os dropdowns, como tamb\u00e9m as informa\u00e7\u00f5es de pagina\u00e7\u00e3o. Estes cookies n\u00e3o cont\u00e9m informa\u00e7\u00f5es pessoais e s\u00e3o exclu\u00eddos depois de 24 horas. Quando um usu\u00e1rio logado cria um novo grupo, n\u00f3s usamos um n\u00famero de cookies para acompanhar o processo de cria\u00e7\u00e3o. Estes cookies n\u00e3o cont\u00e9m informa\u00e7\u00f5es pessoais e s\u00e3o exclu\u00eddos no final do processo de cria\u00e7\u00e3o do grupo ou de depois de 24 horas.<\/p>\n<h2><!-- \/wp:post-content --><\/h2>\n<\/div>\n<\/div><\/div>\n<\/div>\n<\/div>\n<\/div>\n<\/div>\n<\/div>\n","protected":false},"excerpt":{"rendered":"","protected":false},"author":1,"featured_media":0,"parent":0,"menu_order":0,"comment_status":"closed","ping_status":"closed","template":"","meta":{"_bbp_topic_count":0,"_bbp_reply_count":0,"_bbp_total_topic_count":0,"_bbp_total_reply_count":0,"_bbp_voice_count":0,"_bbp_anonymous_reply_count":0,"_bbp_topic_count_hidden":0,"_bbp_reply_count_hidden":0,"_bbp_forum_subforum_count":0,"footnotes":""},"class_list":["post-14859","page","type-page","status-publish","hentry"],"jetpack_sharing_enabled":true,"_links":{"self":[{"href":"https:\/\/culturas.cc\/congresso2020\/wp-json\/wp\/v2\/pages\/14859","targetHints":{"allow":["GET"]}}],"collection":[{"href":"https:\/\/culturas.cc\/congresso2020\/wp-json\/wp\/v2\/pages"}],"about":[{"href":"https:\/\/culturas.cc\/congresso2020\/wp-json\/wp\/v2\/types\/page"}],"author":[{"embeddable":true,"href":"https:\/\/culturas.cc\/congresso2020\/wp-json\/wp\/v2\/users\/1"}],"replies":[{"embeddable":true,"href":"https:\/\/culturas.cc\/congresso2020\/wp-json\/wp\/v2\/comments?post=14859"}],"version-history":[{"count":6,"href":"https:\/\/culturas.cc\/congresso2020\/wp-json\/wp\/v2\/pages\/14859\/revisions"}],"predecessor-version":[{"id":16080,"href":"https:\/\/culturas.cc\/congresso2020\/wp-json\/wp\/v2\/pages\/14859\/revisions\/16080"}],"wp:attachment":[{"href":"https:\/\/culturas.cc\/congresso2020\/wp-json\/wp\/v2\/media?parent=14859"}],"curies":[{"name":"wp","href":"https:\/\/api.w.org\/{rel}","templated":true}]}}